{"id":961,"date":"2020-07-01T08:23:02","date_gmt":"2020-07-01T12:23:02","guid":{"rendered":"https:\/\/licensedoptician.ca\/?page_id=961"},"modified":"2020-07-01T08:28:45","modified_gmt":"2020-07-01T12:28:45","slug":"produits-optiques","status":"publish","type":"page","link":"https:\/\/licensedoptician.ca\/fr\/produits-optiques\/","title":{"rendered":"Produits optiques"},"content":{"rendered":"<section class=\"wpb-content-wrapper\">[vc_row fullwidth=\u00a0\u00bbtrue\u00a0\u00bb][vc_column][mk_revslider id=\u00a0\u00bbproduits-optique\u00a0\u00bb][\/vc_column][\/vc_row][mk_page_section full_width=\u00a0\u00bbtrue\u00a0\u00bb padding_top=\u00a0\u00bb0&Prime; padding_bottom=\u00a0\u00bb0&Prime; el_class=\u00a0\u00bbequalHeight\u00a0\u00bb sidebar=\u00a0\u00bbsidebar-1&Prime;][vc_column width=\u00a0\u00bb1\/4&Prime; css=\u00a0\u00bb.vc_custom_1524243195654{padding-top: 50px !important;padding-right: 20px !important;padding-bottom: 50px !important;padding-left: 20px !important;background-color: #00bff3 !important;}\u00a0\u00bb][mk_image src=\u00a0\u00bbhttps:\/\/licensedoptician.ca\/wp-content\/uploads\/2018\/10\/licensed-optician-icon-glasses-400&#215;400.png\u00a0\u00bb image_width=\u00a0\u00bb240&Prime; image_height=\u00a0\u00bb240&Prime; align=\u00a0\u00bbcenter\u00a0\u00bb margin_bottom=\u00a0\u00bb25&Prime;][vc_column_text css=\u00a0\u00bb.vc_custom_1593606226429{margin-bottom: 0px !important;}\u00a0\u00bb]\n<h3 style=\"text-align: center; color: #fff; font-weight: 100;\">Lunettes<\/h3>\n[\/vc_column_text][vc_empty_space height=\u00a0\u00bb20px\u00a0\u00bb][mk_button dimension=\u00a0\u00bbflat\u00a0\u00bb corner_style=\u00a0\u00bbrounded\u00a0\u00bb size=\u00a0\u00bblarge\u00a0\u00bb url=\u00a0\u00bbhttps:\/\/licensedoptician.ca\/fr\/lunettes\/\u00a0\u00bb align=\u00a0\u00bbcenter\u00a0\u00bb margin_bottom=\u00a0\u00bb0&Prime; margin_right=\u00a0\u00bb0&Prime; bg_color=\u00a0\u00bb#ffffff\u00a0\u00bb btn_hover_bg=\u00a0\u00bb#448ccb\u00a0\u00bb text_color=\u00a0\u00bbdark\u00a0\u00bb]En savoir plus[\/mk_button][vc_empty_space height=\u00a0\u00bb20px\u00a0\u00bb][\/vc_column][vc_column width=\u00a0\u00bb1\/4&Prime; css=\u00a0\u00bb.vc_custom_1524243206613{padding-top: 50px !important;padding-right: 20px !important;padding-bottom: 50px !important;padding-left: 20px !important;background-color: #448ccb !important;}\u00a0\u00bb][mk_image src=\u00a0\u00bbhttps:\/\/licensedoptician.ca\/wp-content\/uploads\/2018\/10\/licensed-optician-icon-contact-lenses-400&#215;400.png\u00a0\u00bb image_width=\u00a0\u00bb240&Prime; image_height=\u00a0\u00bb240&Prime; align=\u00a0\u00bbcenter\u00a0\u00bb margin_bottom=\u00a0\u00bb25&Prime;][vc_column_text css=\u00a0\u00bb.vc_custom_1593606238593{margin-bottom: 0px !important;}\u00a0\u00bb]\n<h3 style=\"text-align: center; color: #fff; font-weight: 100;\">Lentilles de contact<\/h3>\n[\/vc_column_text][vc_empty_space height=\u00a0\u00bb20px\u00a0\u00bb][mk_button dimension=\u00a0\u00bbflat\u00a0\u00bb corner_style=\u00a0\u00bbrounded\u00a0\u00bb size=\u00a0\u00bblarge\u00a0\u00bb url=\u00a0\u00bbhttps:\/\/licensedoptician.ca\/fr\/lentilles-de-contact\/\u00a0\u00bb align=\u00a0\u00bbcenter\u00a0\u00bb margin_bottom=\u00a0\u00bb0&Prime; margin_right=\u00a0\u00bb0&Prime; bg_color=\u00a0\u00bb#ffffff\u00a0\u00bb btn_hover_bg=\u00a0\u00bb#00bff3&Prime; text_color=\u00a0\u00bbdark\u00a0\u00bb]En savoir plus[\/mk_button][vc_empty_space height=\u00a0\u00bb20px\u00a0\u00bb][\/vc_column][vc_column width=\u00a0\u00bb1\/4&Prime; css=\u00a0\u00bb.vc_custom_1524243217430{padding-top: 50px !important;padding-right: 20px !important;padding-bottom: 50px !important;padding-left: 20px !important;background-color: #00bff3 !important;}\u00a0\u00bb][mk_image src=\u00a0\u00bbhttps:\/\/licensedoptician.ca\/wp-content\/uploads\/2018\/10\/licensed-optician-icon-children-400&#215;400.png\u00a0\u00bb image_width=\u00a0\u00bb240&Prime; image_height=\u00a0\u00bb240&Prime; align=\u00a0\u00bbcenter\u00a0\u00bb margin_bottom=\u00a0\u00bb25&Prime;][vc_column_text css=\u00a0\u00bb.vc_custom_1593606250938{margin-bottom: 0px !important;}\u00a0\u00bb]\n<h3 style=\"text-align: center; color: #fff; font-weight: 100;\">Enfants<\/h3>\n[\/vc_column_text][vc_empty_space height=\u00a0\u00bb20px\u00a0\u00bb][mk_button dimension=\u00a0\u00bbflat\u00a0\u00bb corner_style=\u00a0\u00bbrounded\u00a0\u00bb size=\u00a0\u00bblarge\u00a0\u00bb url=\u00a0\u00bbhttps:\/\/licensedoptician.ca\/fr\/enfants\/\u00a0\u00bb align=\u00a0\u00bbcenter\u00a0\u00bb margin_bottom=\u00a0\u00bb0&Prime; margin_right=\u00a0\u00bb0&Prime; bg_color=\u00a0\u00bb#ffffff\u00a0\u00bb btn_hover_bg=\u00a0\u00bb#448ccb\u00a0\u00bb text_color=\u00a0\u00bbdark\u00a0\u00bb]En savoir plus[\/mk_button][vc_empty_space height=\u00a0\u00bb20px\u00a0\u00bb][\/vc_column][vc_column width=\u00a0\u00bb1\/4&Prime; css=\u00a0\u00bb.vc_custom_1593520949764{padding-top: 50px !important;padding-right: 20px !important;padding-bottom: 50px !important;padding-left: 20px !important;background-color: #448ccb !important;}\u00a0\u00bb][mk_image src=\u00a0\u00bbhttps:\/\/licensedoptician.ca\/wp-content\/uploads\/2020\/06\/sunglasses.png\u00a0\u00bb image_width=\u00a0\u00bb240&Prime; image_height=\u00a0\u00bb240&Prime; align=\u00a0\u00bbcenter\u00a0\u00bb margin_bottom=\u00a0\u00bb25&Prime;][vc_column_text css=\u00a0\u00bb.vc_custom_1593606261917{margin-bottom: 0px !important;}\u00a0\u00bb]\n<h3 style=\"text-align: center; color: #fff; font-weight: 100;\">Lunettes de soleil<\/h3>\n[\/vc_column_text][vc_empty_space height=\u00a0\u00bb20px\u00a0\u00bb][mk_button dimension=\u00a0\u00bbflat\u00a0\u00bb corner_style=\u00a0\u00bbrounded\u00a0\u00bb size=\u00a0\u00bblarge\u00a0\u00bb url=\u00a0\u00bbhttps:\/\/licensedoptician.ca\/fr\/lunettes-de-soleil\/\u00a0\u00bb align=\u00a0\u00bbcenter\u00a0\u00bb margin_bottom=\u00a0\u00bb0&Prime; margin_right=\u00a0\u00bb0&Prime; bg_color=\u00a0\u00bb#ffffff\u00a0\u00bb btn_hover_bg=\u00a0\u00bb#448ccb\u00a0\u00bb text_color=\u00a0\u00bbdark\u00a0\u00bb]En savoir plus[\/mk_button][vc_empty_space height=\u00a0\u00bb20px\u00a0\u00bb][\/vc_column][\/mk_page_section][mk_page_section bg_color=\u00a0\u00bb#ffffff\u00a0\u00bb padding_top=\u00a0\u00bb50&Prime; padding_bottom=\u00a0\u00bb50&Prime; sidebar=\u00a0\u00bbsidebar-1&Prime;][vc_column][vc_column_text css=\u00a0\u00bb.vc_custom_1593606279926{margin-bottom: 0px !important;}\u00a0\u00bb]\n<h2 style=\"text-align: center;\">LES OPTICIENS SONT DES PROFESSIONNELS DE LA SANT\u00c9 DE PREMI\u00c8RE LIGNE POSS\u00c9DANT UNE CONNAISSANCE APPROFONDIE DES LUNETTES, DES LENTILLES DE CONTACT ET DES APPAREILS ADAPT\u00c9S.<\/h2>\n<p style=\"text-align: center;\">Que ce soit pour une \u00e9valuation, recevoir des conseils ou \u00eatre rassur\u00e9, nous vous aidons \u00e0 voir comme jamais vous n\u2019auriez pu imaginer.<\/p>\n[\/vc_column_text][\/vc_column][\/mk_page_section][mk_page_section bg_image=\u00a0\u00bbhttps:\/\/licensedoptician.ca\/wp-content\/uploads\/2018\/10\/licensed-optician-accueil-parallax-1920&#215;850.jpg\u00a0\u00bb bg_color=\u00a0\u00bbfff\u00a0\u00bb bg_position=\u00a0\u00bbcenter center\u00a0\u00bb bg_repeat=\u00a0\u00bbno-repeat\u00a0\u00bb bg_stretch=\u00a0\u00bbtrue\u00a0\u00bb enable_3d=\u00a0\u00bbtrue\u00a0\u00bb padding_top=\u00a0\u00bb0&Prime; padding_bottom=\u00a0\u00bb0&Prime; el_class=\u00a0\u00bbequalHeight\u00a0\u00bb sidebar=\u00a0\u00bbsidebar-1&Prime;][vc_column width=\u00a0\u00bb1\/3&Prime; css=\u00a0\u00bb.vc_custom_1524572266907{padding-top: 50px !important;padding-right: 20px !important;padding-bottom: 50px !important;padding-left: 20px !important;background-color: rgba(217,20,115,0.7) !important;*background-color: rgb(217,20,115) !important;}\u00a0\u00bb][vc_column_text css=\u00a0\u00bb.vc_custom_1593606306442{margin-bottom: 0px !important;}\u00a0\u00bb]\n<h2 style=\"color: #fff;\">QU\u2019EST-CE QU\u2019UN OPTICIEN AUTORIS\u00c9?<\/h2>\n<p style=\"text-align: justify; color: #fff;\">Un opticien autoris\u00e9 est un professionnel de la sant\u00e9 sp\u00e9cialement form\u00e9 pour fournir, pr\u00e9parer et distribuer des produits optiques gr\u00e2ce \u00e0 l\u2019interpr\u00e9tation des ordonnances.<\/p>\n[\/vc_column_text][mk_image src=\u00a0\u00bbhttps:\/\/licensedoptician.ca\/wp-content\/uploads\/2018\/10\/opt_02.jpg\u00a0\u00bb image_size=\u00a0\u00bbfull\u00a0\u00bb title=\u00a0\u00bbAndrea\u00a0\u00bb desc=\u00a0\u00bbOpticien autoris\u00e9\u00a0\u00bb caption_location=\u00a0\u00bboutside-image\u00a0\u00bb align=\u00a0\u00bbcenter\u00a0\u00bb margin_bottom=\u00a0\u00bb0&Prime; el_class=\u00a0\u00bbroundImage whitecaption\u00a0\u00bb][\/vc_column][vc_column width=\u00a0\u00bb1\/3&Prime;][\/vc_column][vc_column width=\u00a0\u00bb1\/3&Prime; css=\u00a0\u00bb.vc_custom_1539117760445{padding-top: 50px !important;padding-right: 20px !important;padding-bottom: 50px !important;padding-left: 20px !important;background-color: rgba(0,191,243,0.7) !important;*background-color: rgb(0,191,243) !important;}\u00a0\u00bb][vc_column_text css=\u00a0\u00bb.vc_custom_1593606320319{margin-bottom: 0px !important;}\u00a0\u00bb]\n<h2 style=\"color: #fff;\">POURQUOI MON OPTICIEN AUTORIS\u00c9 A-T-IL BESOIN DE MA PRESCRIPTION?<\/h2>\n<p style=\"color: #fff; text-align: justify;\">La prescription donne des d\u00e9tails sur la puissance des lentilles et est souvent demand\u00e9e par les opticiens afin de recommander une monture qui minimise l\u2019\u00e9paisseur et le poids. Le type de prescription exclura d\u2019office certains types de mat\u00e9riaux, formes et tailles de lunettes.<\/p>\n[\/vc_column_text][mk_image src=\u00a0\u00bbhttps:\/\/licensedoptician.ca\/wp-content\/uploads\/2018\/10\/opt_07.jpg\u00a0\u00bb image_size=\u00a0\u00bbfull\u00a0\u00bb title=\u00a0\u00bbMichael\u00a0\u00bb desc=\u00a0\u00bbOpticien autoris\u00e9\u00a0\u00bb caption_location=\u00a0\u00bboutside-image\u00a0\u00bb align=\u00a0\u00bbcenter\u00a0\u00bb margin_bottom=\u00a0\u00bb0&Prime; el_class=\u00a0\u00bbroundImage whitecaption\u00a0\u00bb][\/vc_column][\/mk_page_section]\n<\/section>","protected":false},"excerpt":{"rendered":"<p>[vc_row fullwidth=\u00a0\u00bbtrue\u00a0\u00bb][vc_column][mk_revslider id=\u00a0\u00bbproduits-optique\u00a0\u00bb][\/vc_column][\/vc_row][mk_page_section full_width=\u00a0\u00bbtrue\u00a0\u00bb padding_top=\u00a0\u00bb0&Prime; padding_bottom=\u00a0\u00bb0&Prime; el_class=\u00a0\u00bbequalHeight\u00a0\u00bb sidebar=\u00a0\u00bbsidebar-1&Prime;][vc_column width=\u00a0\u00bb1\/4&Prime; css=\u00a0\u00bb.vc_custom_1524243195654{padding-top: 50px !important;padding-right: 20px !important;padding-bottom: 50px !important;padding-left: 20px !important;background-color: #00bff3 !important;}\u00a0\u00bb][mk_image src=\u00a0\u00bbhttps:\/\/licensedoptician.ca\/wp-content\/uploads\/2018\/10\/licensed-optician-icon-glasses-400&#215;400.png\u00a0\u00bb image_width=\u00a0\u00bb240&Prime; image_height=\u00a0\u00bb240&Prime; align=\u00a0\u00bbcenter\u00a0\u00bb margin_bottom=\u00a0\u00bb25&Prime;][vc_column_text css=\u00a0\u00bb.vc_custom_1593606226429{margin-bottom: 0px !important;}\u00a0\u00bb] Lunettes [\/vc_column_text][vc_empty_space height=\u00a0\u00bb20px\u00a0\u00bb][mk_button dimension=\u00a0\u00bbflat\u00a0\u00bb corner_style=\u00a0\u00bbrounded\u00a0\u00bb size=\u00a0\u00bblarge\u00a0\u00bb url=\u00a0\u00bbhttps:\/\/licensedoptician.ca\/fr\/lunettes\/\u00a0\u00bb align=\u00a0\u00bbcenter\u00a0\u00bb margin_bottom=\u00a0\u00bb0&Prime; margin_right=\u00a0\u00bb0&Prime; bg_color=\u00a0\u00bb#ffffff\u00a0\u00bb btn_hover_bg=\u00a0\u00bb#448ccb\u00a0\u00bb text_color=\u00a0\u00bbdark\u00a0\u00bb]En savoir plus[\/mk_button][vc_empty_space height=\u00a0\u00bb20px\u00a0\u00bb][\/vc_column][vc_column width=\u00a0\u00bb1\/4&Prime; css=\u00a0\u00bb.vc_custom_1524243206613{padding-top: 50px !important;padding-right: 20px !important;padding-bottom: 50px !important;padding-left: 20px !important;background-color: #448ccb [&hellip;]<\/p>\n","protected":false},"author":1,"featured_media":0,"parent":0,"menu_order":0,"comment_status":"closed","ping_status":"closed","template":"","meta":{"footnotes":""},"class_list":["post-961","page","type-page","status-publish","hentry"],"_links":{"self":[{"href":"https:\/\/licensedoptician.ca\/fr\/wp-json\/wp\/v2\/pages\/961","targetHints":{"allow":["GET"]}}],"collection":[{"href":"https:\/\/licensedoptician.ca\/fr\/wp-json\/wp\/v2\/pages"}],"about":[{"href":"https:\/\/licensedoptician.ca\/fr\/wp-json\/wp\/v2\/types\/page"}],"author":[{"embeddable":true,"href":"https:\/\/licensedoptician.ca\/fr\/wp-json\/wp\/v2\/users\/1"}],"replies":[{"embeddable":true,"href":"https:\/\/licensedoptician.ca\/fr\/wp-json\/wp\/v2\/comments?post=961"}],"version-history":[{"count":0,"href":"https:\/\/licensedoptician.ca\/fr\/wp-json\/wp\/v2\/pages\/961\/revisions"}],"wp:attachment":[{"href":"https:\/\/licensedoptician.ca\/fr\/wp-json\/wp\/v2\/media?parent=961"}],"curies":[{"name":"wp","href":"https:\/\/api.w.org\/{rel}","templated":true}]}}