{"id":825,"date":"2020-06-22T09:01:16","date_gmt":"2020-06-22T13:01:16","guid":{"rendered":"https:\/\/licensedoptician.ca\/?page_id=825"},"modified":"2020-07-01T08:36:20","modified_gmt":"2020-07-01T12:36:20","slug":"ressources-pour-opticiens","status":"publish","type":"page","link":"https:\/\/licensedoptician.ca\/fr\/ressources-pour-opticiens\/","title":{"rendered":"Ressources pour les opticiens"},"content":{"rendered":"[mk_page_section padding_top=\u00a0\u00bb35&Prime; padding_bottom=\u00a0\u00bb35&Prime; sidebar=\u00a0\u00bbsidebar-1&Prime;][vc_column][vc_column_text css=\u00a0\u00bb.vc_custom_1592830494830{margin-bottom: 0px !important;}\u00a0\u00bb]\n<h2>Affichez fi\u00e8rement que vous \u00eates un Opticien accr\u00e9dit\u00e9!<\/h2>\n[\/vc_column_text][vc_tabs][vc_tab title=\u00a0\u00bbFonctionnement\u00a0\u00bb tab_id=\u00a0\u00bb1591809964678-3-8&Prime;][vc_column_text css=\u00a0\u00bb.vc_custom_1592830653432{margin-bottom: 0px !important;}\u00a0\u00bb]Comme vous savez, il est important de choisir un opticien accr\u00e9dit\u00e9 lors de la recherche de lunettes ou de verres de contact. Mais vos client le savent-ils?<\/p>\n<p>Affichez notre banni\u00e8re sur votre site web pour d\u00e9montrer que vous \u00eates accr\u00e9dit\u00e9s et les encourager \u00e0 d\u00e9couvrir tous les avantages de vous choisir.<\/p>\n<p>De plus, n&rsquo;h\u00e9sitez pas \u00e0 ajouter votre logo en bas \u00e0 gauche de notre banni\u00e8re pour montrer notre partenariat!<\/p>\n<p>Si vous avez besoin d&rsquo;aide pour int\u00e9grer la banni\u00e8re \u00e0 votre site Web, vous pouvez nous contacter \u00e0 tout moment et nous nous ferons un plaisir de vous aider.[\/vc_column_text][\/vc_tab][vc_tab title=\u00a0\u00bbFran\u00e7ais\u00a0\u00bb tab_id=\u00a0\u00bb1591804292-2-44&Prime;][mk_imagebox show_as=\u00a0\u00bbcolumn\u00a0\u00bb column=\u00a0\u00bb4&Prime; padding=\u00a0\u00bb10&Prime; animation_speed=\u00a0\u00bb0&Prime; slideshow_speed=\u00a0\u00bb0&Prime;][mk_imagebox_item item_image=\u00a0\u00bbhttps:\/\/licensedoptician.ca\/wp-content\/uploads\/2020\/06\/licensedoptician_banner_blue_fr_300x250-1.jpg\u00a0\u00bb image_padding=\u00a0\u00bbfalse\u00a0\u00bb background_color=\u00a0\u00bb\u00a0\u00bb item_title=\u00a0\u00bbLO-Blue-FR-300&#215;250&Prime;]Pour ajouter cette banni\u00e8re \u00e0 votre site Web, copiez\/collez le code suivant sur votre site Web :<br \/>\n<a class=\"boutonCode\" href=\"#\" data-source=\"&lt;a href='https:\/\/licensedoptician.ca\/' target='_blank'&gt;&lt;img src='https:\/\/licensedoptician.ca\/wp-content\/uploads\/2020\/06\/licensedoptician_banner_blue_fr_300x250-1.jpg'&gt;&lt;\/a&gt;\">Copier<\/a>[\/mk_imagebox_item][mk_imagebox_item item_image=\u00a0\u00bbhttps:\/\/licensedoptician.ca\/wp-content\/uploads\/2020\/06\/licensedoptician_banner_blue_fr_300x150-1.jpg\u00a0\u00bb image_padding=\u00a0\u00bbfalse\u00a0\u00bb background_color=\u00a0\u00bb\u00a0\u00bb item_title=\u00a0\u00bbLO-Blue-FR-300&#215;150&Prime;]Pour ajouter cette banni\u00e8re \u00e0 votre site Web, copiez\/collez le code suivant sur votre site Web :<br \/>\n<a class=\"boutonCode\" href=\"#\" data-source=\"&lt;a href='https:\/\/licensedoptician.ca\/' target='_blank'&gt;&lt;img src='https:\/\/licensedoptician.ca\/wp-content\/uploads\/2020\/06\/licensedoptician_banner_blue_fr_300x150-1.jpg'&gt;&lt;\/a&gt;\">Copier<\/a>[\/mk_imagebox_item][mk_imagebox_item item_image=\u00a0\u00bbhttps:\/\/licensedoptician.ca\/wp-content\/uploads\/2020\/06\/licensedoptician_banner_pink_fr_300x250-1.jpg\u00a0\u00bb image_padding=\u00a0\u00bbfalse\u00a0\u00bb background_color=\u00a0\u00bb\u00a0\u00bb item_title=\u00a0\u00bbLO-Pink-FR-300&#215;250&Prime;]Pour ajouter cette banni\u00e8re \u00e0 votre site Web, copiez\/collez le code suivant sur votre site Web :<br \/>\n<a class=\"boutonCode\" href=\"#\" data-source=\"&lt;a href='https:\/\/licensedoptician.ca\/' target='_blank'&gt;&lt;img src='https:\/\/licensedoptician.ca\/wp-content\/uploads\/2020\/06\/licensedoptician_banner_pink_fr_300x250-1.jpg'&gt;&lt;\/a&gt;\">Copier<\/a>[\/mk_imagebox_item][mk_imagebox_item item_image=\u00a0\u00bbhttps:\/\/licensedoptician.ca\/wp-content\/uploads\/2020\/06\/licensedoptician_banner_pink_fr_300x150-1.jpg\u00a0\u00bb image_padding=\u00a0\u00bbfalse\u00a0\u00bb background_color=\u00a0\u00bb\u00a0\u00bb item_title=\u00a0\u00bbLO-Pink-FR-300&#215;150&Prime;]Pour ajouter cette banni\u00e8re \u00e0 votre site Web, copiez\/collez le code suivant sur votre site Web :<br \/>\n<a class=\"boutonCode\" href=\"#\" data-source=\"&lt;a href='https:\/\/licensedoptician.ca\/' target='_blank'&gt;&lt;img src='https:\/\/licensedoptician.ca\/wp-content\/uploads\/2020\/06\/licensedoptician_banner_pink_fr_300x150-1.jpg'&gt;&lt;\/a&gt;\">Copier<\/a>[\/mk_imagebox_item][\/mk_imagebox][\/vc_tab][vc_tab title=\u00a0\u00bbAnglais\u00a0\u00bb tab_id=\u00a0\u00bb1591806037367-2-5&Prime;][mk_imagebox show_as=\u00a0\u00bbcolumn\u00a0\u00bb column=\u00a0\u00bb4&Prime; padding=\u00a0\u00bb10&Prime; animation_speed=\u00a0\u00bb0&Prime; slideshow_speed=\u00a0\u00bb0&Prime;][mk_imagebox_item item_image=\u00a0\u00bbhttps:\/\/licensedoptician.ca\/wp-content\/uploads\/2020\/06\/licensedoptician_banner_blue_en_300x250-1.jpg\u00a0\u00bb image_padding=\u00a0\u00bbfalse\u00a0\u00bb background_color=\u00a0\u00bb\u00a0\u00bb item_title=\u00a0\u00bbLO-Blue-EN-300&#215;250&Prime;]Pour ajouter cette banni\u00e8re \u00e0 votre site Web, copiez\/collez le code suivant sur votre site Web :<br \/>\n<a class=\"boutonCode\" href=\"#\" data-source=\"&lt;a href='https:\/\/licensedoptician.ca\/' target='_blank'&gt;&lt;img src='https:\/\/licensedoptician.ca\/wp-content\/uploads\/2020\/06\/licensedoptician_banner_blue_en_300x250-1.jpg'&gt;&lt;\/a&gt;\">Copier<\/a>[\/mk_imagebox_item][mk_imagebox_item item_image=\u00a0\u00bbhttps:\/\/licensedoptician.ca\/wp-content\/uploads\/2020\/06\/licensedoptician_banner_blue_en_300x150-1.jpg\u00a0\u00bb image_padding=\u00a0\u00bbfalse\u00a0\u00bb background_color=\u00a0\u00bb\u00a0\u00bb item_title=\u00a0\u00bbLO-Blue-EN-300&#215;150&Prime;]Pour ajouter cette banni\u00e8re \u00e0 votre site Web, copiez\/collez le code suivant sur votre site Web :<br \/>\n<a class=\"boutonCode\" href=\"#\" data-source=\"&lt;a href='https:\/\/licensedoptician.ca\/' target='_blank'&gt;&lt;img src='https:\/\/licensedoptician.ca\/wp-content\/uploads\/2020\/06\/licensedoptician_banner_blue_en_300x150-1.jpg'&gt;&lt;\/a&gt;\">Copier<\/a>[\/mk_imagebox_item][mk_imagebox_item item_image=\u00a0\u00bbhttps:\/\/licensedoptician.ca\/wp-content\/uploads\/2020\/06\/licensedoptician_banner_pink_en_300x250-1.jpg\u00a0\u00bb image_padding=\u00a0\u00bbfalse\u00a0\u00bb background_color=\u00a0\u00bb\u00a0\u00bb item_title=\u00a0\u00bbLO-Pink-EN-300&#215;250&Prime;]Pour ajouter cette banni\u00e8re \u00e0 votre site Web, copiez\/collez le code suivant sur votre site Web :<br \/>\n<a class=\"boutonCode\" href=\"#\" data-source=\"&lt;a href='https:\/\/licensedoptician.ca\/' target='_blank'&gt;&lt;img src='https:\/\/licensedoptician.ca\/wp-content\/uploads\/2020\/06\/licensedoptician_banner_pink_en_300x250-1.jpg'&gt;&lt;\/a&gt;\">Copier<\/a>[\/mk_imagebox_item][mk_imagebox_item item_image=\u00a0\u00bbhttps:\/\/licensedoptician.ca\/wp-content\/uploads\/2020\/06\/licensedoptician_banner_pink_en_300x150-1.jpg\u00a0\u00bb image_padding=\u00a0\u00bbfalse\u00a0\u00bb background_color=\u00a0\u00bb\u00a0\u00bb item_title=\u00a0\u00bbLO-Pink-EN-300&#215;150&Prime;]Pour ajouter cette banni\u00e8re \u00e0 votre site Web, copiez\/collez le code suivant sur votre site Web :<br \/>\n<a class=\"boutonCode\" href=\"#\" data-source=\"&lt;a href='https:\/\/licensedoptician.ca\/' target='_blank'&gt;&lt;img src='https:\/\/licensedoptician.ca\/wp-content\/uploads\/2020\/06\/licensedoptician_banner_pink_en_300x150-1.jpg'&gt;&lt;\/a&gt;\">Copier<\/a>[\/mk_imagebox_item][\/mk_imagebox][vc_column_text css=\u00a0\u00bb.vc_custom_1591808230540{margin-bottom: 0px !important;}\u00a0\u00bb]\n[\/vc_column_text][\/vc_tab][vc_tab title=\u00a0\u00bbFichiers sources\u00a0\u00bb tab_id=\u00a0\u00bb1591806042163-3-1&Prime;][vc_column_text css=\u00a0\u00bb.vc_custom_1592830743180{margin-bottom: 0px !important;}\u00a0\u00bb]Vous pouvez \u00e9galement t\u00e9l\u00e9charger nos fichiers sources et les utiliser \u00e0 votre guise. Nous vous demandons seulement de nous attribuer le cr\u00e9dit de cr\u00e9ation en ajoutant un lien vers licensedoptician.ca sur votre site Web.<\/p>\n<p><strong>EN:<\/strong><\/p>\n<p><a href=\"https:\/\/licensedoptician.ca\/wp-content\/uploads\/banners\/LicensedOptician_banner_blue_EN_300x150.jpg\" target=\"_blank\" rel=\"noopener noreferrer\" download>LicensedOptician_banner_blue_EN_300x150.jpg<\/a><\/p>\n<p><a href=\"https:\/\/licensedoptician.ca\/wp-content\/uploads\/banners\/LicensedOptician_banner_blue_EN_300x250.jpg\" target=\"_blank\" rel=\"noopener noreferrer\" download>LicensedOptician_banner_blue_EN_300x250.jpg<\/a><\/p>\n<p><a href=\"https:\/\/licensedoptician.ca\/wp-content\/uploads\/banners\/LicensedOptician_banner_pink_EN_300x150.jpg\" target=\"_blank\" rel=\"noopener noreferrer\" download>LicensedOptician_banner_Pink_EN_300x150.jpg<\/a><\/p>\n<p><a href=\"https:\/\/licensedoptician.ca\/wp-content\/uploads\/banners\/LicensedOptician_banner_pink_EN_300x250.jpg\" target=\"_blank\" rel=\"noopener noreferrer\" download>LicensedOptician_banner_Pink_EN_300x250.jpg<\/a><\/p>\n<p><strong>FR:<\/strong><\/p>\n<p><a href=\"https:\/\/licensedoptician.ca\/wp-content\/uploads\/banners\/LicensedOptician_banner_blue_FR_300x150.jpg\" target=\"_blank\" rel=\"noopener noreferrer\" download>LicensedOptician_banner_blue_FR_300x150.jpg<\/a><\/p>\n<p><a href=\"https:\/\/licensedoptician.ca\/wp-content\/uploads\/banners\/LicensedOptician_banner_blue_FR_300x250.jpg\" target=\"_blank\" rel=\"noopener noreferrer\" download>LicensedOptician_banner_blue_FR_300x250.jpg<\/a><\/p>\n<p><a href=\"https:\/\/licensedoptician.ca\/wp-content\/uploads\/banners\/LicensedOptician_banner_pink_FR_300x150.jpg\" target=\"_blank\" rel=\"noopener noreferrer\" download>LicensedOptician_banner_Pink_FR_300x150.jpg<\/a><\/p>\n<p><a href=\"https:\/\/licensedoptician.ca\/wp-content\/uploads\/banners\/LicensedOptician_banner_pink_FR_300x250.jpg\" target=\"_blank\" rel=\"noopener noreferrer\" download>LicensedOptician_banner_Pink_FR_300x250.jpg<\/a><\/p>\n<p><strong>Photoshop:<\/strong><\/p>\n<p><a href=\"https:\/\/licensedoptician.ca\/wp-content\/uploads\/banners\/LicensedOptician_banner_300x150.psd\" target=\"_blank\" rel=\"noopener noreferrer\" download>LicensedOptician_banner_300x150.psd<\/a><\/p>\n<p><a href=\"https:\/\/licensedoptician.ca\/wp-content\/uploads\/banners\/LicensedOptician_banner_300x250.psd\" target=\"_blank\" rel=\"noopener noreferrer\" download>LicensedOptician_banner_300x250.psd<\/a>[\/vc_column_text][\/vc_tab][\/vc_tabs][vc_raw_js]JTNDc2NyaXB0JTNFJTBBalF1ZXJ5JTI4JTIyYS5ib3V0b25Db2RlJTIyJTI5Lm9uJTI4JTIyY2xpY2slMjIlMkMlMjBmdW5jdGlvbiUyOGV2ZW50JTI5JTdCJTBBJTA5ZXZlbnQucHJldmVudERlZmF1bHQlMjglMjklM0IlMEElMjAlMjAlMDluYXZpZ2F0b3IuY2xpcGJvYXJkLndyaXRlVGV4dCUyOGpRdWVyeSUyOHRoaXMlMjkuZGF0YSUyOCUyMnNvdXJjZSUyMiUyOSUyOSUwQSUwOS50aGVuJTI4JTI4JTI5JTIwJTNEJTNFJTIwJTdCJTBBJTIwJTIwJTIwJTIwJTA5JTA5YWxlcnQlMjglMjdUZXh0JTIwY29waWVkJTIwdG8lMjBjbGlwYm9hcmQlMjclMjklM0IlMEElMjAlMjAlMDklN0QlMjklMEElMjAlMjAlMDkuY2F0Y2glMjhlcnIlMjAlM0QlM0UlMjAlN0IlMEElMDklMjAlMjAlMjAlMjBhbGVydCUyOCUyN0NvdWxkJTIwbm90JTIwY29weSUyMHRleHQlM0ElMjAlMjclMkMlMjBlcnIlMjklM0IlMEElMjAlMjAlMDklN0QlMjklM0IlMjAlMjAlMEElN0QlMjklMEElM0MlMkZzY3JpcHQlM0U=[\/vc_raw_js][\/vc_column][\/mk_page_section]\n","protected":false},"excerpt":{"rendered":"<p>[mk_page_section padding_top=\u00a0\u00bb35&Prime; padding_bottom=\u00a0\u00bb35&Prime; sidebar=\u00a0\u00bbsidebar-1&Prime;][vc_column][vc_column_text css=\u00a0\u00bb.vc_custom_1592830494830{margin-bottom: 0px !important;}\u00a0\u00bb] Affichez fi\u00e8rement que vous \u00eates un Opticien accr\u00e9dit\u00e9! [\/vc_column_text][vc_tabs][vc_tab title=\u00a0\u00bbFonctionnement\u00a0\u00bb tab_id=\u00a0\u00bb1591809964678-3-8&Prime;][vc_column_text css=\u00a0\u00bb.vc_custom_1592830653432{margin-bottom: 0px !important;}\u00a0\u00bb]Comme vous savez, il est important de choisir un opticien accr\u00e9dit\u00e9 lors de la recherche de lunettes ou de verres de contact. Mais vos client le savent-ils? Affichez notre banni\u00e8re sur votre site web pour [&hellip;]<\/p>\n","protected":false},"author":1,"featured_media":0,"parent":0,"menu_order":0,"comment_status":"closed","ping_status":"closed","template":"","meta":{"footnotes":""},"class_list":["post-825","page","type-page","status-publish","hentry"],"_links":{"self":[{"href":"https:\/\/licensedoptician.ca\/fr\/wp-json\/wp\/v2\/pages\/825","targetHints":{"allow":["GET"]}}],"collection":[{"href":"https:\/\/licensedoptician.ca\/fr\/wp-json\/wp\/v2\/pages"}],"about":[{"href":"https:\/\/licensedoptician.ca\/fr\/wp-json\/wp\/v2\/types\/page"}],"author":[{"embeddable":true,"href":"https:\/\/licensedoptician.ca\/fr\/wp-json\/wp\/v2\/users\/1"}],"replies":[{"embeddable":true,"href":"https:\/\/licensedoptician.ca\/fr\/wp-json\/wp\/v2\/comments?post=825"}],"version-history":[{"count":0,"href":"https:\/\/licensedoptician.ca\/fr\/wp-json\/wp\/v2\/pages\/825\/revisions"}],"wp:attachment":[{"href":"https:\/\/licensedoptician.ca\/fr\/wp-json\/wp\/v2\/media?parent=825"}],"curies":[{"name":"wp","href":"https:\/\/api.w.org\/{rel}","templated":true}]}}