{"id":748,"date":"2020-04-13T18:25:57","date_gmt":"2020-04-13T22:25:57","guid":{"rendered":"https:\/\/licensedoptician.ca\/sunglasses\/"},"modified":"2020-06-04T08:35:41","modified_gmt":"2020-06-04T12:35:41","slug":"lunettes-de-soleil","status":"publish","type":"page","link":"https:\/\/licensedoptician.ca\/fr\/lunettes-de-soleil\/","title":{"rendered":"Lunettes de soleil"},"content":{"rendered":"<section class=\"wpb-content-wrapper\">[vc_row fullwidth=\u00a0\u00bbtrue\u00a0\u00bb][vc_column][mk_revslider id=\u00a0\u00bblunette-de-soleil\u00a0\u00bb][\/vc_column][\/vc_row][mk_page_section min_height=\u00a0\u00bb0&Prime; padding_top=\u00a0\u00bb35&Prime; padding_bottom=\u00a0\u00bb35&Prime; sidebar=\u00a0\u00bbsidebar-1&Prime;][vc_column width=\u00a0\u00bb1\/2&Prime;][vc_column_text css=\u00a0\u00bb.vc_custom_1591197776739{margin-bottom: 0px !important;}\u00a0\u00bb]\n<h2>PROT\u00c9GER VOS YEUX<\/h2>\n<p><span style=\"font-weight: 400;\">Bien que la plupart des adultes canadiens comprennent maintenant qu&rsquo;<\/span><b>une exposition prolong\u00e9e au soleil <\/b><span style=\"font-weight: 400;\">peut entra\u00eener un cancer de la peau, seulement 3% savent qu&rsquo;elle peut \u00e9galement endommager leurs yeux. Les UVA et UVB, deux types de rayons ultraviolets (UV) invisibles qui atteignent la surface de la Terre, peuvent <\/span><b>endommager un \u0153il non prot\u00e9g\u00e9<\/b><span style=\"font-weight: 400;\"> et entra\u00eener des troubles de la vision \u00e0 court et \u00e0 long terme tels que:<\/span><\/p>\n<ul>\n<li style=\"font-weight: 400;\"><span style=\"font-weight: 400;\">Yeux inject\u00e9s de sang ou enfl\u00e9s;<\/span><\/li>\n<li style=\"font-weight: 400;\"><span style=\"font-weight: 400;\">Hypersensibilit\u00e9 \u00e0 la lumi\u00e8re;<\/span><\/li>\n<li style=\"font-weight: 400;\"><span style=\"font-weight: 400;\">Photok\u00e9ratite;<\/span><\/li>\n<li style=\"font-weight: 400;\"><span style=\"font-weight: 400;\">Cataractes;<\/span><\/li>\n<li style=\"font-weight: 400;\"><span style=\"font-weight: 400;\">D\u00e9g\u00e9n\u00e9rescence maculaire li\u00e9e \u00e0 l&rsquo;\u00e2ge (DMLA);<\/span><\/li>\n<li style=\"font-weight: 400;\"><span style=\"font-weight: 400;\">Pt\u00e9rygion; et,<\/span><\/li>\n<li style=\"font-weight: 400;\"><span style=\"font-weight: 400;\">Cancer.<\/span><\/li>\n<\/ul>\n<p><span style=\"font-weight: 400;\">Ce n&rsquo;est pas parce que vous ne pouvez pas les voir qu&rsquo;ils ne peuvent pas nuire \u00e0 votre vision! Quiconque passe du temps \u00e0 l&rsquo;ext\u00e9rieur, que ce soit en hiver ou en \u00e9t\u00e9, est \u00e0 risque de probl\u00e8mes de sant\u00e9 visuelle en raison des rayons UV. <\/span><b>Vos yeux ont besoin de protection,<\/b><span style=\"font-weight: 400;\"> surtout si vous naviguez ou skiez, m\u00eame par temps nuageux. Ce fut une r\u00e9alisation effrayante pour le correspondant de CNN, Anderson Cooper, qui a pass\u00e9 deux heures \u00e0 couvrir un \u00e9v\u00e9nement le long de la c\u00f4te du Portugal sans lunettes de soleil ce qui lui a valu une perte de vision pendant 36 heures.<\/span>[\/vc_column_text][\/vc_column][vc_column width=\u00a0\u00bb1\/2&Prime;][mk_image src=\u00a0\u00bbhttps:\/\/licensedoptician.ca\/wp-content\/uploads\/2020\/04\/sunglasses-protect-your-eyes-500&#215;500-1.jpg\u00a0\u00bb image_size=\u00a0\u00bbfull\u00a0\u00bb align=\u00a0\u00bbcenter\u00a0\u00bb margin_bottom=\u00a0\u00bb0&Prime;][\/vc_column][\/mk_page_section][mk_page_section bg_image=\u00a0\u00bbhttps:\/\/licensedoptician.ca\/wp-content\/uploads\/2020\/04\/choosing-sunglasses-1920&#215;900-1.jpg\u00a0\u00bb bg_position=\u00a0\u00bbcenter center\u00a0\u00bb bg_repeat=\u00a0\u00bbno-repeat\u00a0\u00bb bg_stretch=\u00a0\u00bbtrue\u00a0\u00bb enable_3d=\u00a0\u00bbtrue\u00a0\u00bb min_height=\u00a0\u00bb0&Prime; padding_top=\u00a0\u00bb0&Prime; padding_bottom=\u00a0\u00bb0&Prime; sidebar=\u00a0\u00bbsidebar-1&Prime;][vc_column width=\u00a0\u00bb1\/4&Prime;][\/vc_column][vc_column width=\u00a0\u00bb1\/2&Prime; css=\u00a0\u00bb.vc_custom_1586817613723{padding-top: 50px !important;padding-right: 20px !important;padding-bottom: 50px !important;padding-left: 20px !important;background-color: rgba(255,255,255,0.8) !important;*background-color: rgb(255,255,255) !important;}\u00a0\u00bb][vc_column_text css=\u00a0\u00bb.vc_custom_1591197821670{margin-bottom: 0px !important;}\u00a0\u00bb]\n<h2>CHOISISSEZ LES BONNES LUNETTES DE SOLEIL<\/h2>\n<p><b>Choisir les lunettes de soleil appropri\u00e9es<\/b><span style=\"font-weight: 400;\"> pour prot\u00e9ger vos yeux contre les rayons ultraviolets nocifs peut para\u00eetre difficile. Un opticien autoris\u00e9 peut vous aider en s\u00e9lectionnant le niveau de protection appropri\u00e9 pour vos lunettes de soleil avec ou sans ordonnance. Ensemble, vous pourrez d\u00e9terminer celles qui vous conviennent le mieux:<\/span><\/p>\n<ul>\n<li style=\"font-weight: 400;\"><span style=\"font-weight: 400;\">Lunettes de soleil de sport enveloppantes;<\/span><\/li>\n<li style=\"font-weight: 400;\"><span style=\"font-weight: 400;\">Polarisantes;<\/span><\/li>\n<li style=\"font-weight: 400;\"><span style=\"font-weight: 400;\">Rev\u00eatements miroir; ou,<\/span><\/li>\n<li style=\"font-weight: 400;\"><span style=\"font-weight: 400;\">Teint\u00e9es.<\/span><\/li>\n<\/ul>\n<p><span style=\"font-weight: 400;\">Quelles que soient les options que vous pr\u00e9f\u00e9rez, <\/span><b>les lunettes de soleil sont une n\u00e9cessit\u00e9 <\/b><span style=\"font-weight: 400;\">pour avoir fi\u00e8re allure tout en prot\u00e9geant votre sens le plus important. Bien que la plupart des gens ressentent le besoin de porter des lunettes de soleil pour \u00e9viter de plisser les yeux et de provoquer des rides, vous comprendrez que vous en avez surtout besoin pour vous prot\u00e9ger contre les troubles de la vision.<\/span>[\/vc_column_text][mk_button dimension=\u00a0\u00bbflat\u00a0\u00bb corner_style=\u00a0\u00bbrounded\u00a0\u00bb size=\u00a0\u00bblarge\u00a0\u00bb url=\u00a0\u00bb\/fr\/trouvez-un-opticien\/\u00a0\u00bb margin_bottom=\u00a0\u00bb0&Prime; margin_right=\u00a0\u00bb0&Prime; bg_color=\u00a0\u00bb#00bff3&Prime; btn_hover_bg=\u00a0\u00bb#448ccb\u00a0\u00bb]Trouvez un opticien[\/mk_button][\/vc_column][vc_column width=\u00a0\u00bb1\/4&Prime;][\/vc_column][\/mk_page_section][mk_page_section min_height=\u00a0\u00bb0&Prime; padding_top=\u00a0\u00bb35&Prime; padding_bottom=\u00a0\u00bb35&Prime; sidebar=\u00a0\u00bbsidebar-1&Prime;][vc_column width=\u00a0\u00bb1\/2&Prime;][mk_image src=\u00a0\u00bbhttps:\/\/licensedoptician.ca\/wp-content\/uploads\/2020\/04\/risk-assesment-500&#215;500-1.jpg\u00a0\u00bb image_size=\u00a0\u00bbfull\u00a0\u00bb align=\u00a0\u00bbcenter\u00a0\u00bb margin_bottom=\u00a0\u00bb0&Prime;][\/vc_column][vc_column width=\u00a0\u00bb1\/2&Prime;][vc_column_text css=\u00a0\u00bb.vc_custom_1591197881833{margin-bottom: 0px !important;}\u00a0\u00bb]\n<h2>POUR UNE PROTECTION COMPL\u00c8TE<\/h2>\n<h3>l&rsquo;\u00e9valuation des risques<\/h3>\n<p><span style=\"font-weight: 400;\">Avant d&rsquo;entreprendre une activit\u00e9 en plein air, parlez \u00e0 votre opticien autoris\u00e9 pour vous assurer d\u2019une protection ad\u00e9quate. Il pourra d\u00e9terminer ce qui est mieux pour vous en fonction de facteurs sp\u00e9cifiques, tels que:<\/span><\/p>\n<ul>\n<li style=\"font-weight: 400;\"><span style=\"font-weight: 400;\">Votre prescription;<\/span><\/li>\n<li style=\"font-weight: 400;\"><span style=\"font-weight: 400;\">Votre usage (sport ou activit\u00e9 sp\u00e9cifique);<\/span><\/li>\n<li style=\"font-weight: 400;\"><span style=\"font-weight: 400;\">Votre \u00e2ge et la couleur de vos yeux; et,<\/span><\/li>\n<li style=\"font-weight: 400;\"><span style=\"font-weight: 400;\">Votre situation g\u00e9ographique, y compris l&rsquo;altitude.<\/span><\/li>\n<\/ul>\n<p><span style=\"font-weight: 400;\">Gardez \u00e9galement \u00e0 l&rsquo;esprit que les enfants de moins de 10 ans ne peuvent pas filtrer efficacement les rayons UV comme un \u0153il adulte et sont encore plus \u00e0 risque de d\u00e9velopper des probl\u00e8mes.<\/span>[\/vc_column_text][mk_button dimension=\u00a0\u00bbflat\u00a0\u00bb corner_style=\u00a0\u00bbrounded\u00a0\u00bb size=\u00a0\u00bblarge\u00a0\u00bb url=\u00a0\u00bb\/fr\/trouvez-un-opticien\/\u00a0\u00bb margin_bottom=\u00a0\u00bb0&Prime; margin_right=\u00a0\u00bb0&Prime; bg_color=\u00a0\u00bb#00bff3&Prime; btn_hover_bg=\u00a0\u00bb#448ccb\u00a0\u00bb]Trouvez un opticien[\/mk_button][\/vc_column][\/mk_page_section][mk_page_section bg_image=\u00a0\u00bbhttps:\/\/licensedoptician.ca\/wp-content\/uploads\/2020\/04\/planning-a-day-oustide-1920&#215;900-1.jpg\u00a0\u00bb bg_position=\u00a0\u00bbright center\u00a0\u00bb bg_repeat=\u00a0\u00bbno-repeat\u00a0\u00bb bg_stretch=\u00a0\u00bbtrue\u00a0\u00bb enable_3d=\u00a0\u00bbtrue\u00a0\u00bb padding_top=\u00a0\u00bb75&Prime; padding_bottom=\u00a0\u00bb75&Prime; section_id=\u00a0\u00bbstrateCTA\u00a0\u00bb sidebar=\u00a0\u00bbsidebar-1&Prime;][vc_column][vc_column_text css=\u00a0\u00bb.vc_custom_1591197934722{margin-bottom: 0px !important;}\u00a0\u00bb]\n<h2>Vous planifiez une journ\u00e9e<\/h2>\n<h1>\u00c0 L&rsquo;EXT\u00c9RIEUR?<\/h1>\n<h3>PENSER \u00c0 PROT\u00c9GER VOS YEUX<\/h3>\n[\/vc_column_text][vc_empty_space height=\u00a0\u00bb35px\u00a0\u00bb][mk_button dimension=\u00a0\u00bbflat\u00a0\u00bb corner_style=\u00a0\u00bbrounded\u00a0\u00bb size=\u00a0\u00bblarge\u00a0\u00bb url=\u00a0\u00bb\/fr\/trouvez-un-opticien\/\u00a0\u00bb margin_bottom=\u00a0\u00bb0&Prime; margin_right=\u00a0\u00bb0&Prime; bg_color=\u00a0\u00bb#00bff3&Prime; btn_hover_bg=\u00a0\u00bb#448ccb\u00a0\u00bb]Trouvez un opticien[\/mk_button][\/vc_column][\/mk_page_section][mk_page_section min_height=\u00a0\u00bb0&Prime; padding_top=\u00a0\u00bb35&Prime; padding_bottom=\u00a0\u00bb35&Prime; sidebar=\u00a0\u00bbsidebar-1&Prime;][vc_column width=\u00a0\u00bb1\/2&Prime;][vc_column_text css=\u00a0\u00bb.vc_custom_1591197983635{margin-bottom: 0px !important;}\u00a0\u00bb]\n<h2>PROTECTION UV<\/h2>\n<h3>M\u00caME EN HIVER<\/h3>\n<p>Saviez-vous que vos yeux peuvent \u00eatre tout aussi affect\u00e9s par les rayons UV en hiver, sinon plus? En fait, la neige hivernale r\u00e9fl\u00e9chit plus de rayons UV dans vos yeux, surtout l&rsquo;apr\u00e8s-midi. Les cons\u00e9quences de cette exposition peuvent \u00eatre tout aussi graves qu&rsquo;en \u00e9t\u00e9.<\/p>\n<p>Une protection UV inad\u00e9quate peut provoquer des sensations de picotements, des rougeurs, des douleurs, des d\u00e9chirures et une hypersensibilit\u00e9 \u00e0 la lumi\u00e8re. De plus, les conditions hivernales peuvent causer d&rsquo;autres types d&rsquo;inconfort visuel lors de la pratique de sports tels que les engelures, la c\u00e9cit\u00e9 des neiges et la photok\u00e9ratite.<\/p>\n<p>Alors, prot\u00e9gez vos yeux et parlez \u00e0 un opticien autoris\u00e9 avant de vous exposer aux nombreux dangers de l&rsquo;hiver.<br \/>\n[\/vc_column_text][mk_button dimension=\u00a0\u00bbflat\u00a0\u00bb corner_style=\u00a0\u00bbrounded\u00a0\u00bb size=\u00a0\u00bblarge\u00a0\u00bb url=\u00a0\u00bb\/fr\/trouvez-un-opticien\/\u00a0\u00bb margin_bottom=\u00a0\u00bb0&Prime; margin_right=\u00a0\u00bb0&Prime; bg_color=\u00a0\u00bb#00bff3&Prime; btn_hover_bg=\u00a0\u00bb#448ccb\u00a0\u00bb]Trouvez un opticien[\/mk_button][\/vc_column][vc_column width=\u00a0\u00bb1\/2&Prime;][mk_image src=\u00a0\u00bbhttps:\/\/licensedoptician.ca\/wp-content\/uploads\/2020\/04\/sun-protection-winter-500&#215;500-1.jpg\u00a0\u00bb image_size=\u00a0\u00bbfull\u00a0\u00bb align=\u00a0\u00bbcenter\u00a0\u00bb margin_bottom=\u00a0\u00bb0&Prime;][\/vc_column][\/mk_page_section]\n<\/section>","protected":false},"excerpt":{"rendered":"<p>[vc_row fullwidth=\u00a0\u00bbtrue\u00a0\u00bb][vc_column][mk_revslider id=\u00a0\u00bblunette-de-soleil\u00a0\u00bb][\/vc_column][\/vc_row][mk_page_section min_height=\u00a0\u00bb0&Prime; padding_top=\u00a0\u00bb35&Prime; padding_bottom=\u00a0\u00bb35&Prime; sidebar=\u00a0\u00bbsidebar-1&Prime;][vc_column width=\u00a0\u00bb1\/2&Prime;][vc_column_text css=\u00a0\u00bb.vc_custom_1591197776739{margin-bottom: 0px !important;}\u00a0\u00bb] PROT\u00c9GER VOS YEUX Bien que la plupart des adultes canadiens comprennent maintenant qu&rsquo;une exposition prolong\u00e9e au soleil peut entra\u00eener un cancer de la peau, seulement 3% savent qu&rsquo;elle peut \u00e9galement endommager leurs yeux. Les UVA et UVB, deux types de rayons ultraviolets (UV) invisibles [&hellip;]<\/p>\n","protected":false},"author":1,"featured_media":0,"parent":0,"menu_order":0,"comment_status":"closed","ping_status":"closed","template":"","meta":{"footnotes":""},"class_list":["post-748","page","type-page","status-publish","hentry"],"_links":{"self":[{"href":"https:\/\/licensedoptician.ca\/fr\/wp-json\/wp\/v2\/pages\/748","targetHints":{"allow":["GET"]}}],"collection":[{"href":"https:\/\/licensedoptician.ca\/fr\/wp-json\/wp\/v2\/pages"}],"about":[{"href":"https:\/\/licensedoptician.ca\/fr\/wp-json\/wp\/v2\/types\/page"}],"author":[{"embeddable":true,"href":"https:\/\/licensedoptician.ca\/fr\/wp-json\/wp\/v2\/users\/1"}],"replies":[{"embeddable":true,"href":"https:\/\/licensedoptician.ca\/fr\/wp-json\/wp\/v2\/comments?post=748"}],"version-history":[{"count":0,"href":"https:\/\/licensedoptician.ca\/fr\/wp-json\/wp\/v2\/pages\/748\/revisions"}],"wp:attachment":[{"href":"https:\/\/licensedoptician.ca\/fr\/wp-json\/wp\/v2\/media?parent=748"}],"curies":[{"name":"wp","href":"https:\/\/api.w.org\/{rel}","templated":true}]}}