{"id":712,"date":"2018-10-09T10:24:41","date_gmt":"2018-10-09T14:24:41","guid":{"rendered":"https:\/\/licensedoptician.ca\/glasses\/"},"modified":"2021-11-10T14:48:47","modified_gmt":"2021-11-10T19:48:47","slug":"lunettes","status":"publish","type":"page","link":"https:\/\/licensedoptician.ca\/fr\/lunettes\/","title":{"rendered":"Lunettes"},"content":{"rendered":"<section class=\"wpb-content-wrapper\">[vc_row fullwidth=\u00a0\u00bbtrue\u00a0\u00bb][vc_column][mk_revslider id=\u00a0\u00bbglasses-1-1&Prime;][\/vc_column][\/vc_row][mk_page_section min_height=\u00a0\u00bb0&Prime; padding_top=\u00a0\u00bb35&Prime; padding_bottom=\u00a0\u00bb35&Prime; sidebar=\u00a0\u00bbsidebar-1&Prime;][vc_column width=\u00a0\u00bb1\/2&Prime;][vc_column_text css=\u00a0\u00bb.vc_custom_1636035249400{margin-bottom: 0px !important;}\u00a0\u00bb]\n<h2><span style=\"font-weight: 400;\">Am\u00e9liorer sa vision<\/span><\/h2>\n<p><span style=\"font-weight: 400;\">Vous pouvez faire confiance \u00e0 un opticien autoris\u00e9 pour trouver les lunettes de vue r\u00e9pondant le mieux \u00e0 tous vos besoins. C\u2019est un professionnel de la sant\u00e9 avec les comp\u00e9tences requises pour trouver vos lunettes ajust\u00e9es \u00e0:<\/span><\/p>\n<ul>\n<li style=\"font-weight: 400;\" aria-level=\"1\"><span style=\"font-weight: 400;\">Votre vision<\/span><\/li>\n<li style=\"font-weight: 400;\" aria-level=\"1\"><span style=\"font-weight: 400;\">Votre style de vie<\/span><\/li>\n<li style=\"font-weight: 400;\" aria-level=\"1\"><span style=\"font-weight: 400;\">Votre visage<\/span><\/li>\n<\/ul>\n<p><span style=\"font-weight: 400;\">Un opticien autoris\u00e9 sera en mesure de vous offrir la meilleure solution visuelle avec la bonne prescription, r\u00e9duisant ainsi la vision floue et le risque d&rsquo;accident.<\/span><\/p>\n<p><span style=\"font-weight: 400;\">Avec des lunettes ajust\u00e9es par un opticien autoris\u00e9, vous verrez votre monde dans toute sa gloire sans compromettre votre confort ou votre style !<\/span>[\/vc_column_text][\/vc_column][vc_column width=\u00a0\u00bb1\/2&Prime;][mk_image src=\u00a0\u00bbhttps:\/\/licensedoptician.ca\/wp-content\/uploads\/2021\/11\/glasses-small.jpg\u00a0\u00bb image_size=\u00a0\u00bbfull\u00a0\u00bb align=\u00a0\u00bbcenter\u00a0\u00bb margin_bottom=\u00a0\u00bb0&Prime;][\/vc_column][\/mk_page_section][mk_page_section bg_image=\u00a0\u00bbhttps:\/\/licensedoptician.ca\/wp-content\/uploads\/2021\/11\/bg_full-scaled.jpg\u00a0\u00bb bg_position=\u00a0\u00bbcenter center\u00a0\u00bb bg_repeat=\u00a0\u00bbno-repeat\u00a0\u00bb bg_stretch=\u00a0\u00bbtrue\u00a0\u00bb enable_3d=\u00a0\u00bbtrue\u00a0\u00bb min_height=\u00a0\u00bb0&Prime; padding_top=\u00a0\u00bb0&Prime; padding_bottom=\u00a0\u00bb0&Prime; sidebar=\u00a0\u00bbsidebar-1&Prime;][vc_column width=\u00a0\u00bb1\/4&Prime;][\/vc_column][vc_column width=\u00a0\u00bb1\/2&Prime; css=\u00a0\u00bb.vc_custom_1586817613723{padding-top: 50px !important;padding-right: 20px !important;padding-bottom: 50px !important;padding-left: 20px !important;background-color: rgba(255,255,255,0.8) !important;*background-color: rgb(255,255,255) !important;}\u00a0\u00bb][vc_column_text css=\u00a0\u00bb.vc_custom_1636053985268{margin-bottom: 0px !important;}\u00a0\u00bb]\n<h2>Prot\u00e9ger ses yeux<\/h2>\n<h4>Choisir les bonnes lunettes<\/h4>\n<p>Il est important de prendre le temps de discuter de votre style de vie avec votre opticien autoris\u00e9 afin d\u2019\u00e9tablir le type de lunettes qui vous conviendrait le mieux. Par exemple:<\/p>\n<ul>\n<li style=\"font-weight: 400;\" aria-level=\"1\">La pratique de certains sports n\u00e9cessite des lunettes sp\u00e9ciales pour se prot\u00e9ger des traumatismes oculaires dus \u00e0 des impacts de balles ou de rondelles. Il faut aussi pr\u00e9voir se prot\u00e9ger de la poussi\u00e8re soulev\u00e9e par le vent. Pour les nageurs, des lunettes de natation correctrices peuvent \u00eatre un excellent investissement.<\/li>\n<li style=\"font-weight: 400;\" aria-level=\"1\">L\u2019utilisation prolong\u00e9e d\u2019appareils num\u00e9riques, tels que les \u00e9crans, les ordinateurs et les t\u00e9l\u00e9phones intelligents peut entra\u00eener une fatigue oculaire num\u00e9rique. Votre opticien autoris\u00e9 conna\u00eet les filtres de protection disponibles pour pr\u00e9venir ce probl\u00e8me.<\/li>\n<li style=\"font-weight: 400;\" aria-level=\"1\">Si vous passez beaucoup de temps \u00e0 l\u2019ext\u00e9rieur, que ce soit pour le travail ou pour le plaisir, en hiver tout comme en \u00e9t\u00e9, il est primordial de bien prot\u00e9ger vos yeux des rayons ultraviolets et de l&rsquo;\u00e9blouissement avec une bonne paire de <a href=\"\/fr\/lunettes-de-soleil\">lunettes de soleil<\/a>.<\/li>\n<\/ul>\n[\/vc_column_text][mk_button dimension=\u00a0\u00bbflat\u00a0\u00bb corner_style=\u00a0\u00bbrounded\u00a0\u00bb size=\u00a0\u00bblarge\u00a0\u00bb url=\u00a0\u00bb\/fr\/trouvez-un-opticien\u00a0\u00bb margin_bottom=\u00a0\u00bb0&Prime; margin_right=\u00a0\u00bb0&Prime; bg_color=\u00a0\u00bb#00bff3&Prime; btn_hover_bg=\u00a0\u00bb#448ccb\u00a0\u00bb]Trouvez un opticien[\/mk_button][\/vc_column][vc_column width=\u00a0\u00bb1\/4&Prime;][\/vc_column][\/mk_page_section][mk_page_section min_height=\u00a0\u00bb0&Prime; padding_top=\u00a0\u00bb35&Prime; padding_bottom=\u00a0\u00bb35&Prime; sidebar=\u00a0\u00bbsidebar-1&Prime;][vc_column width=\u00a0\u00bb1\/2&Prime;][mk_image src=\u00a0\u00bbhttps:\/\/licensedoptician.ca\/wp-content\/uploads\/2021\/11\/style.jpg\u00a0\u00bb image_size=\u00a0\u00bbfull\u00a0\u00bb align=\u00a0\u00bbcenter\u00a0\u00bb margin_bottom=\u00a0\u00bb0&Prime;][\/vc_column][vc_column width=\u00a0\u00bb1\/2&Prime;][vc_column_text css=\u00a0\u00bb.vc_custom_1636036928653{margin-bottom: 0px !important;}\u00a0\u00bb]\n<h2>Affirmer son style<\/h2>\n<h4>Vos lunettes: le reflet de votre personnalit\u00e9<\/h4>\n<p>Que vous ayez un style classique, boh\u00e8me, cr\u00e9atif, d\u00e9contract\u00e9 ou fashionista, il est clair que vous affirmez votre style de la t\u00eate aux pieds et cela inclut votre choix de lunettes. Cela fait partie de votre personnalit\u00e9!<\/p>\n<p>Un opticien autoris\u00e9 est le meilleur complice pour d\u00e9nicher la paire qui vous conviendra le mieux. Ensemble vous pourrez trouver la forme et la couleur qui vous convient le mieux en tenant compte de:<\/p>\n<ul>\n<li style=\"font-weight: 400;\" aria-level=\"1\"><span style=\"font-weight: 400;\">La forme de votre nez,<\/span><\/li>\n<li style=\"font-weight: 400;\" aria-level=\"1\"><span style=\"font-weight: 400;\">La largeur de votre t\u00eate,<\/span><\/li>\n<li style=\"font-weight: 400;\" aria-level=\"1\"><span style=\"font-weight: 400;\">la distance entre l&rsquo;avant de votre visage et l&rsquo;arri\u00e8re de vos oreilles.<\/span><\/li>\n<\/ul>\n<p>De plus, comme les visages ne sont jamais parfaitement sym\u00e9triques, votre opticien pourra \u00e9galement effectuer tous les ajustements n\u00e9cessaires pour assurer non seulement le meilleur look, mais aussi le meilleur rendement visuel pour vous![\/vc_column_text][mk_button dimension=\u00a0\u00bbflat\u00a0\u00bb corner_style=\u00a0\u00bbrounded\u00a0\u00bb size=\u00a0\u00bblarge\u00a0\u00bb url=\u00a0\u00bb\/fr\/trouvez-un-opticien\u00a0\u00bb margin_bottom=\u00a0\u00bb0&Prime; margin_right=\u00a0\u00bb0&Prime; bg_color=\u00a0\u00bb#00bff3&Prime; btn_hover_bg=\u00a0\u00bb#448ccb\u00a0\u00bb]Trouvez un opticien[\/mk_button][\/vc_column][\/mk_page_section][mk_page_section bg_image=\u00a0\u00bbhttps:\/\/licensedoptician.ca\/wp-content\/uploads\/2021\/11\/groupe-10-scaled.jpg\u00a0\u00bb bg_position=\u00a0\u00bbright center\u00a0\u00bb bg_repeat=\u00a0\u00bbno-repeat\u00a0\u00bb bg_stretch=\u00a0\u00bbtrue\u00a0\u00bb enable_3d=\u00a0\u00bbtrue\u00a0\u00bb padding_top=\u00a0\u00bb75&Prime; padding_bottom=\u00a0\u00bb75&Prime; section_id=\u00a0\u00bbstrateCTA\u00a0\u00bb sidebar=\u00a0\u00bbsidebar-1&Prime;][vc_column][vc_column_text css=\u00a0\u00bb.vc_custom_1636572924365{margin-bottom: 0px !important;}\u00a0\u00bb]\n<h2>Avez-vous consult\u00e9<\/h2>\n<h2>un professionnel de la vue<\/h2>\n<h1>r\u00e9cemment?<\/h1>\n<h3 style=\"text-align: right; font-size: 36px; width: 100%; max-width: 642px; float: right; text-transform: unset;\">Un <a style=\"color: #fff; text-decoration: underline;\" href=\"https:\/\/licensedoptician.ca\/fr\/blog\/difference-depistage-visuel-examen\/\">simple d\u00e9pistage visuel<\/a> peut permettre de d\u00e9tecter des<\/h3>\n<h3 style=\"text-align: right; font-size: 36px; width: 100%; max-width: 642px; float: right; text-transform: unset;\">probl\u00e8mes de vision potentiels.<\/h3>\n[\/vc_column_text][vc_empty_space height=\u00a0\u00bb35px\u00a0\u00bb][mk_button dimension=\u00a0\u00bbflat\u00a0\u00bb corner_style=\u00a0\u00bbrounded\u00a0\u00bb size=\u00a0\u00bblarge\u00a0\u00bb url=\u00a0\u00bb\/fr\/trouvez-un-opticien\/\u00a0\u00bb margin_bottom=\u00a0\u00bb0&Prime; margin_right=\u00a0\u00bb0&Prime; bg_color=\u00a0\u00bb#00bff3&Prime; btn_hover_bg=\u00a0\u00bb#448ccb\u00a0\u00bb]Trouvez un opticien[\/mk_button][\/vc_column][\/mk_page_section][mk_page_section min_height=\u00a0\u00bb0&Prime; padding_top=\u00a0\u00bb35&Prime; padding_bottom=\u00a0\u00bb35&Prime; sidebar=\u00a0\u00bbsidebar-1&Prime;][vc_column width=\u00a0\u00bb1\/2&Prime;][vc_column_text css=\u00a0\u00bb.vc_custom_1635956276173{margin-bottom: 0px !important;}\u00a0\u00bb]\n<h2>Are you a contact lens<br \/>\nkind of person?<\/h2>\n<p>Would you prefer to do away with glasses altogether? No problem, because contact lenses can correct most types of vision problems, such as nearsightedness, presbyopia, astigmatism and farsightedness. That\u2019s right you can even wear multifocal contact lenses!<\/p>\n<p>However, it\u2019 s important to see a Licensed Optician in order to properly fit and adjust your contact lenses for optimal vision, comfort, and safety.[\/vc_column_text][mk_button dimension=\u00a0\u00bbflat\u00a0\u00bb corner_style=\u00a0\u00bbrounded\u00a0\u00bb size=\u00a0\u00bblarge\u00a0\u00bb url=\u00a0\u00bb\/fr\/lentilles-de-contact\/\u00a0\u00bb margin_bottom=\u00a0\u00bb0&Prime; margin_right=\u00a0\u00bb0&Prime; bg_color=\u00a0\u00bb#00bff3&Prime; btn_hover_bg=\u00a0\u00bb#448ccb\u00a0\u00bb]En savoir plus[\/mk_button][\/vc_column][vc_column width=\u00a0\u00bb1\/2&Prime;][mk_image src=\u00a0\u00bbhttps:\/\/licensedoptician.ca\/wp-content\/uploads\/2021\/11\/contact_lens.jpg\u00a0\u00bb image_size=\u00a0\u00bbfull\u00a0\u00bb align=\u00a0\u00bbcenter\u00a0\u00bb margin_bottom=\u00a0\u00bb0&Prime;][\/vc_column][\/mk_page_section]\n<\/section>","protected":false},"excerpt":{"rendered":"<p>[vc_row fullwidth=\u00a0\u00bbtrue\u00a0\u00bb][vc_column][mk_revslider id=\u00a0\u00bbglasses-1-1&Prime;][\/vc_column][\/vc_row][mk_page_section min_height=\u00a0\u00bb0&Prime; padding_top=\u00a0\u00bb35&Prime; padding_bottom=\u00a0\u00bb35&Prime; sidebar=\u00a0\u00bbsidebar-1&Prime;][vc_column width=\u00a0\u00bb1\/2&Prime;][vc_column_text css=\u00a0\u00bb.vc_custom_1636035249400{margin-bottom: 0px !important;}\u00a0\u00bb] Am\u00e9liorer sa vision Vous pouvez faire confiance \u00e0 un opticien autoris\u00e9 pour trouver les lunettes de vue r\u00e9pondant le mieux \u00e0 tous vos besoins. C\u2019est un professionnel de la sant\u00e9 avec les comp\u00e9tences requises pour trouver vos lunettes ajust\u00e9es \u00e0: Votre vision Votre style [&hellip;]<\/p>\n","protected":false},"author":1,"featured_media":0,"parent":0,"menu_order":0,"comment_status":"closed","ping_status":"closed","template":"","meta":{"footnotes":""},"class_list":["post-712","page","type-page","status-publish","hentry"],"_links":{"self":[{"href":"https:\/\/licensedoptician.ca\/fr\/wp-json\/wp\/v2\/pages\/712","targetHints":{"allow":["GET"]}}],"collection":[{"href":"https:\/\/licensedoptician.ca\/fr\/wp-json\/wp\/v2\/pages"}],"about":[{"href":"https:\/\/licensedoptician.ca\/fr\/wp-json\/wp\/v2\/types\/page"}],"author":[{"embeddable":true,"href":"https:\/\/licensedoptician.ca\/fr\/wp-json\/wp\/v2\/users\/1"}],"replies":[{"embeddable":true,"href":"https:\/\/licensedoptician.ca\/fr\/wp-json\/wp\/v2\/comments?post=712"}],"version-history":[{"count":0,"href":"https:\/\/licensedoptician.ca\/fr\/wp-json\/wp\/v2\/pages\/712\/revisions"}],"wp:attachment":[{"href":"https:\/\/licensedoptician.ca\/fr\/wp-json\/wp\/v2\/media?parent=712"}],"curies":[{"name":"wp","href":"https:\/\/api.w.org\/{rel}","templated":true}]}}