{"id":698,"date":"2018-10-09T10:25:03","date_gmt":"2018-10-09T14:25:03","guid":{"rendered":"https:\/\/licensedoptician.ca\/contact-lenses\/"},"modified":"2021-11-10T14:41:30","modified_gmt":"2021-11-10T19:41:30","slug":"lentilles-de-contact","status":"publish","type":"page","link":"https:\/\/licensedoptician.ca\/fr\/lentilles-de-contact\/","title":{"rendered":"Lentilles de contact"},"content":{"rendered":"<section class=\"wpb-content-wrapper\">[vc_row fullwidth=\u00a0\u00bbtrue\u00a0\u00bb][vc_column][mk_revslider id=\u00a0\u00bbcontact-lenses-v3-11&Prime;][\/vc_column][\/vc_row][mk_page_section min_height=\u00a0\u00bb0&Prime; padding_top=\u00a0\u00bb35&Prime; padding_bottom=\u00a0\u00bb35&Prime; sidebar=\u00a0\u00bbsidebar-1&Prime;][vc_column width=\u00a0\u00bb1\/2&Prime;][vc_column_text css=\u00a0\u00bb.vc_custom_1636050880453{margin-bottom: 0px !important;}\u00a0\u00bb]\n<h2>Une meilleure vision gr\u00e2ce<br \/>\n\u00e0 votre opticien autoris\u00e9<\/h2>\n<p><span style=\"font-weight: 400;\">Un opticien autoris\u00e9 vous aide \u00e0 trouver les lentilles correspondant le mieux \u00e0 votre prescription afin de vous garantir un confort et une acuit\u00e9 visuelle optimaux. Vous serez ainsi rassur\u00e9 qu\u2019elles soient:<\/span><\/p>\n<ul>\n<li style=\"font-weight: 400;\" aria-level=\"1\"><span style=\"font-weight: 400;\">Confortables \u00e0 porter,<\/span><\/li>\n<li style=\"font-weight: 400;\" aria-level=\"1\"><span style=\"font-weight: 400;\">La bonne puissance pour vous permettre de voir au mieux,<\/span><\/li>\n<li style=\"font-weight: 400;\" aria-level=\"1\"><span style=\"font-weight: 400;\">Bien adapt\u00e9es pour \u00e9viter les l\u00e9sions corn\u00e9ennes.\u00a0<\/span><\/li>\n<\/ul>\n<p><span style=\"font-weight: 400;\">Un opticien autoris\u00e9 sera en mesure de mesurer la courbure de votre corn\u00e9e \u00e0 l\u2019aide d\u2019un instrument appel\u00e9 k\u00e9ratom\u00e8tre ce qui l\u2019aide \u00e0 s\u00e9lectionner des lentilles de contact dont la courbure est compatible. Il observera aussi votre corn\u00e9e avec un biomicroscope, \u00e9galement appel\u00e9 lampe \u00e0 fente, qui \u00e9tablit la ligne de base de l\u2019apparence de vos tissus avant le port de lentilles de contact. Chaque fois que vous reviendrez pour un contr\u00f4le, l\u2019opticien effectuera une \u00e9valuation de suivi \u00e0 l\u2019aide de la lampe \u00e0 fente pour d\u00e9tecter toute modification de votre corn\u00e9e et des tissus environnants li\u00e9e au port de lentilles de contact. Il pourra alors au besoin effectuer ou recommander des ajustements \u00e0 la conception des lentilles, au calendrier de port ou au protocole d\u2019entretien des lentilles, si n\u00e9cessaire.<\/span>[\/vc_column_text][\/vc_column][vc_column width=\u00a0\u00bb1\/2&Prime;][mk_image src=\u00a0\u00bbhttps:\/\/licensedoptician.ca\/wp-content\/uploads\/2021\/11\/contact_lenses.jpg\u00a0\u00bb image_size=\u00a0\u00bbfull\u00a0\u00bb align=\u00a0\u00bbcenter\u00a0\u00bb margin_bottom=\u00a0\u00bb0&Prime;][\/vc_column][\/mk_page_section][mk_page_section bg_image=\u00a0\u00bbhttps:\/\/licensedoptician.ca\/wp-content\/uploads\/2021\/11\/contact_lenses_bg-2-scaled.jpg\u00a0\u00bb bg_position=\u00a0\u00bbcenter center\u00a0\u00bb bg_repeat=\u00a0\u00bbno-repeat\u00a0\u00bb bg_stretch=\u00a0\u00bbtrue\u00a0\u00bb enable_3d=\u00a0\u00bbtrue\u00a0\u00bb min_height=\u00a0\u00bb0&Prime; padding_top=\u00a0\u00bb0&Prime; padding_bottom=\u00a0\u00bb0&Prime; sidebar=\u00a0\u00bbsidebar-1&Prime;][vc_column width=\u00a0\u00bb1\/4&Prime;][\/vc_column][vc_column width=\u00a0\u00bb1\/2&Prime; css=\u00a0\u00bb.vc_custom_1586817613723{padding-top: 50px !important;padding-right: 20px !important;padding-bottom: 50px !important;padding-left: 20px !important;background-color: rgba(255,255,255,0.8) !important;*background-color: rgb(255,255,255) !important;}\u00a0\u00bb][vc_column_text css=\u00a0\u00bb.vc_custom_1636050979549{margin-bottom: 0px !important;}\u00a0\u00bb]\n<h2>L\u2019achat en ligne de lentilles de contact<\/h2>\n<h3>Connaissez-vous bien les risques?<\/h3>\n<p><span style=\"font-weight: 400;\">Au Canada, les opticiens autoris\u00e9s sont r\u00e9glement\u00e9s et r\u00e9gis par des normes provinciales strictes afin de prot\u00e9ger votre vision et de vous assurer que vous b\u00e9n\u00e9ficiez des meilleurs soins. L\u2019achat de lentilles corn\u00e9ennes sur internet aupr\u00e8s d\u2019une personne que vous ne connaissez pas comporte une panoplie de risques.\u00a0<\/span><\/p>\n<p><span style=\"font-weight: 400;\">Certains de ces risques sont li\u00e9s \u00e0 la sant\u00e9 de l\u2019\u0153il. Par exemple: des lentilles de contact mal ajust\u00e9es peuvent provoquer des l\u00e9sions de la corn\u00e9e et des tissus environnants, notamment des abrasions, une hypoxie et des infections bact\u00e9riennes. D\u2019autres risques sont li\u00e9s \u00e0 l\u2019efficacit\u00e9 des lentilles elles-m\u00eames. Par exemple: vos lentilles de contact pourraient ne pas correspondre aux mesures et \u00e0 la prescription de vos yeux , alt\u00e9rant ainsi votre vision.<\/span><\/p>\n<p><span style=\"font-weight: 400;\">N\u2019oubliez jamais que lors de votre achat de lentilles de contact, vous n\u2019\u00eates pas un simple consommateur\u2026 mais bien un patient recherchant des soins de qualit\u00e9 pour vos yeux.\u00a0<\/span>[\/vc_column_text][mk_button dimension=\u00a0\u00bbflat\u00a0\u00bb corner_style=\u00a0\u00bbrounded\u00a0\u00bb size=\u00a0\u00bblarge\u00a0\u00bb url=\u00a0\u00bb\/fr\/trouvez-un-opticien\u00a0\u00bb margin_bottom=\u00a0\u00bb0&Prime; margin_right=\u00a0\u00bb0&Prime; bg_color=\u00a0\u00bb#00bff3&Prime; btn_hover_bg=\u00a0\u00bb#448ccb\u00a0\u00bb]Trouvez un opticien[\/mk_button][\/vc_column][vc_column width=\u00a0\u00bb1\/4&Prime;][\/vc_column][\/mk_page_section][mk_page_section min_height=\u00a0\u00bb0&Prime; padding_top=\u00a0\u00bb35&Prime; padding_bottom=\u00a0\u00bb35&Prime; sidebar=\u00a0\u00bbsidebar-1&Prime;][vc_column width=\u00a0\u00bb1\/2&Prime;][mk_image src=\u00a0\u00bbhttps:\/\/licensedoptician.ca\/wp-content\/uploads\/2021\/11\/glasses-free-look.jpg\u00a0\u00bb image_size=\u00a0\u00bbfull\u00a0\u00bb align=\u00a0\u00bbcenter\u00a0\u00bb margin_bottom=\u00a0\u00bb0&Prime;][\/vc_column][vc_column width=\u00a0\u00bb1\/2&Prime;][vc_column_text css=\u00a0\u00bb.vc_custom_1636051466791{margin-bottom: 0px !important;}\u00a0\u00bb]\n<h2>Pour un look sans lunettes<\/h2>\n<h3>Sans compromettre votre vision<\/h3>\n<p>Vous aimeriez parfois \u00e9chapper \u00e0 votre obligation de porter des lunettes et sortir pour voir le monde sans cette barri\u00e8re? Sans la bu\u00e9e et sans regarder \u00e0 travers des lentilles sales ? Malheureusement,cette envie de libert\u00e9 est vite r\u00e9prim\u00e9e puisque cela compromet votre vision autant que votre s\u00e9curit\u00e9?<\/p>\n<p>Votre opticien autoris\u00e9 peut vous aider.<\/p>\n<p>Ne mettez pas de c\u00f4t\u00e9 votre besoin de libert\u00e9! Au lieu de cela, consultez un opticien autoris\u00e9 afin de trouver la meilleure solution pour vous. Leur formation dans les technologies portant sur les verres de contact est constamment mise \u00e0 jour afin de suivre les nouvelles tendances. An optician will know how to find the best contact lenses for you based on your prescription and ocular measurements[\/vc_column_text][mk_button dimension=\u00a0\u00bbflat\u00a0\u00bb corner_style=\u00a0\u00bbrounded\u00a0\u00bb size=\u00a0\u00bblarge\u00a0\u00bb url=\u00a0\u00bb\/fr\/trouvez-un-opticien\u00a0\u00bb margin_bottom=\u00a0\u00bb0&Prime; margin_right=\u00a0\u00bb0&Prime; bg_color=\u00a0\u00bb#00bff3&Prime; btn_hover_bg=\u00a0\u00bb#448ccb\u00a0\u00bb]Trouvez un opticien[\/mk_button][\/vc_column][\/mk_page_section][mk_page_section bg_image=\u00a0\u00bbhttps:\/\/licensedoptician.ca\/wp-content\/uploads\/2021\/11\/contact_lens_btmbg-scaled.jpg\u00a0\u00bb bg_position=\u00a0\u00bbright center\u00a0\u00bb bg_repeat=\u00a0\u00bbno-repeat\u00a0\u00bb bg_stretch=\u00a0\u00bbtrue\u00a0\u00bb enable_3d=\u00a0\u00bbtrue\u00a0\u00bb padding_top=\u00a0\u00bb75&Prime; padding_bottom=\u00a0\u00bb75&Prime; section_id=\u00a0\u00bbstrateCTA\u00a0\u00bb sidebar=\u00a0\u00bbsidebar-1&Prime;][vc_column][vc_column_text css=\u00a0\u00bb.vc_custom_1636572674924{margin-bottom: 0px !important;}\u00a0\u00bb]\n<h2>Avez-vous consult\u00e9 un<\/h2>\n<h2>professionnel de la vue<\/h2>\n<h1>r\u00e9cemment?<\/h1>\n<h3>Un simple <a style=\"color: #fff; text-decoration: underline;\" href=\"\/fr\/blog\/difference-depistage-visuel-examen\">d\u00e9pistage visuel<\/a> peut permettre<br \/>\nde d\u00e9tecter des probl\u00e8mes de vision potentiels.<\/h3>\n[\/vc_column_text][vc_empty_space height=\u00a0\u00bb35px\u00a0\u00bb][mk_button dimension=\u00a0\u00bbflat\u00a0\u00bb corner_style=\u00a0\u00bbrounded\u00a0\u00bb size=\u00a0\u00bblarge\u00a0\u00bb url=\u00a0\u00bb\/fr\/trouvez-un-opticien\u00a0\u00bb margin_bottom=\u00a0\u00bb0&Prime; margin_right=\u00a0\u00bb0&Prime; bg_color=\u00a0\u00bb#00bff3&Prime; btn_hover_bg=\u00a0\u00bb#448ccb\u00a0\u00bb]Trouvez un opticien[\/mk_button][\/vc_column][\/mk_page_section][mk_page_section min_height=\u00a0\u00bb0&Prime; padding_top=\u00a0\u00bb35&Prime; padding_bottom=\u00a0\u00bb35&Prime; sidebar=\u00a0\u00bbsidebar-1&Prime;][vc_column width=\u00a0\u00bb1\/2&Prime;][vc_column_text css=\u00a0\u00bb.vc_custom_1636051707264{margin-bottom: 0px !important;}\u00a0\u00bb]\n<h2>Les solutions seront toujours<br \/>\nla solution aux lentilles de contact<\/h2>\n<p>En ce qui a trait \u00e0 l\u2019entretien de vos lentilles corn\u00e9ennes, n\u2019utilisez jamais de l\u2019eau en bouteille ou du robinet, d\u2019alcool ni tout autre type de liquide non con\u00e7u pour les lentilles de contact. Seules les solutions pour lentilles de contact assurent votre sant\u00e9 oculaire. Il est important d&rsquo;anticiper les impr\u00e9vus en emportant une solution suppl\u00e9mentaire en tout temps. Si vous vous trouvez en mauvaise posture ou dans une situation inattendue, vous pouvez utiliser des gouttes ophtalmiques pour une lubrification suppl\u00e9mentaire &#8211; assurez-vous simplement qu&rsquo;elles portent la mention \u00ab\u00a0pour utilisation avec des lentilles de contact\u00a0\u00bb.[\/vc_column_text][mk_button dimension=\u00a0\u00bbflat\u00a0\u00bb corner_style=\u00a0\u00bbrounded\u00a0\u00bb size=\u00a0\u00bblarge\u00a0\u00bb url=\u00a0\u00bb\/fr\/trouvez-un-opticien\u00a0\u00bb margin_bottom=\u00a0\u00bb0&Prime; margin_right=\u00a0\u00bb0&Prime; bg_color=\u00a0\u00bb#00bff3&Prime; btn_hover_bg=\u00a0\u00bb#448ccb\u00a0\u00bb]Trouvez un opticien[\/mk_button][\/vc_column][vc_column width=\u00a0\u00bb1\/2&Prime;][mk_image src=\u00a0\u00bbhttps:\/\/licensedoptician.ca\/wp-content\/uploads\/2021\/11\/contact-lens.jpg\u00a0\u00bb image_size=\u00a0\u00bbfull\u00a0\u00bb align=\u00a0\u00bbcenter\u00a0\u00bb margin_bottom=\u00a0\u00bb0&Prime;][\/vc_column][\/mk_page_section]\n<\/section>","protected":false},"excerpt":{"rendered":"<p>[vc_row fullwidth=\u00a0\u00bbtrue\u00a0\u00bb][vc_column][mk_revslider id=\u00a0\u00bbcontact-lenses-v3-11&Prime;][\/vc_column][\/vc_row][mk_page_section min_height=\u00a0\u00bb0&Prime; padding_top=\u00a0\u00bb35&Prime; padding_bottom=\u00a0\u00bb35&Prime; sidebar=\u00a0\u00bbsidebar-1&Prime;][vc_column width=\u00a0\u00bb1\/2&Prime;][vc_column_text css=\u00a0\u00bb.vc_custom_1636050880453{margin-bottom: 0px !important;}\u00a0\u00bb] Une meilleure vision gr\u00e2ce \u00e0 votre opticien autoris\u00e9 Un opticien autoris\u00e9 vous aide \u00e0 trouver les lentilles correspondant le mieux \u00e0 votre prescription afin de vous garantir un confort et une acuit\u00e9 visuelle optimaux. Vous serez ainsi rassur\u00e9 qu\u2019elles soient: Confortables \u00e0 porter, La [&hellip;]<\/p>\n","protected":false},"author":1,"featured_media":0,"parent":0,"menu_order":0,"comment_status":"closed","ping_status":"closed","template":"","meta":{"footnotes":""},"class_list":["post-698","page","type-page","status-publish","hentry"],"_links":{"self":[{"href":"https:\/\/licensedoptician.ca\/fr\/wp-json\/wp\/v2\/pages\/698","targetHints":{"allow":["GET"]}}],"collection":[{"href":"https:\/\/licensedoptician.ca\/fr\/wp-json\/wp\/v2\/pages"}],"about":[{"href":"https:\/\/licensedoptician.ca\/fr\/wp-json\/wp\/v2\/types\/page"}],"author":[{"embeddable":true,"href":"https:\/\/licensedoptician.ca\/fr\/wp-json\/wp\/v2\/users\/1"}],"replies":[{"embeddable":true,"href":"https:\/\/licensedoptician.ca\/fr\/wp-json\/wp\/v2\/comments?post=698"}],"version-history":[{"count":0,"href":"https:\/\/licensedoptician.ca\/fr\/wp-json\/wp\/v2\/pages\/698\/revisions"}],"wp:attachment":[{"href":"https:\/\/licensedoptician.ca\/fr\/wp-json\/wp\/v2\/media?parent=698"}],"curies":[{"name":"wp","href":"https:\/\/api.w.org\/{rel}","templated":true}]}}