{"id":681,"date":"2018-10-09T10:25:17","date_gmt":"2018-10-09T14:25:17","guid":{"rendered":"https:\/\/licensedoptician.ca\/children\/"},"modified":"2020-07-08T09:32:23","modified_gmt":"2020-07-08T13:32:23","slug":"enfants","status":"publish","type":"page","link":"https:\/\/licensedoptician.ca\/fr\/enfants\/","title":{"rendered":"Enfants"},"content":{"rendered":"<section class=\"wpb-content-wrapper\">[vc_row][vc_column][mk_revslider id=\u00a0\u00bbenfant\u00a0\u00bb][\/vc_column][\/vc_row][vc_row css=\u00a0\u00bb.vc_custom_1539108794158{padding-top: 50px !important;padding-bottom: 50px !important;}\u00a0\u00bb][vc_column width=\u00a0\u00bb1\/2&Prime;][vc_column_text disable_pattern=\u00a0\u00bbfalse\u00a0\u00bb css=\u00a0\u00bb.vc_custom_1591128347731{margin-bottom: 0px !important;}\u00a0\u00bb]\n<h2>PROT\u00c9GER LEUR SENS LE PLUS PR\u00c9CIEUX<\/h2>\n<h3>UN OPTICIEN autoris\u00e9 VOUS AIDE \u00c0 CHOISIR LA MEILLEURE SOLUTION DE SOINS DE VISION POUR VOTRE ENFANT<\/h3>\n<p>Il est facile de prot\u00e9ger la vue de votre enfant gr\u00e2ce \u00e0 un mode de vie saine et \u00e0 l&rsquo;aide d&rsquo;un opticien autoris\u00e9. Assurer une bonne vision pour les enfants:<\/p>\n<ul>\n<li>Les aide \u00e0 r\u00e9ussir \u00e0 l&rsquo;\u00e9cole;<\/li>\n<li>Les garde en s\u00e9curit\u00e9 lors d\u2019activit\u00e9s sportives; et,<\/li>\n<li>Corrige les dysfonctionnements visuels.<\/li>\n<\/ul>\n<p>Il est \u00e9galement essentiel d&rsquo;obtenir la bonne paire de lunettes pour votre enfant et de s&rsquo;assurer qu&rsquo;elle s&rsquo;adapte tout au long de sa croissance. Cela aidera \u00e0 renforcer la force des muscles entourant leurs yeux et \u00e0 prot\u00e9ger leur vision maintenant et pour l&rsquo;avenir. Des examens optom\u00e9triques opportuns et un changement r\u00e9gulier de monture sont essentiels pour garantir:<\/p>\n<ul>\n<li>Une prescription pr\u00e9cise et confortable;<\/li>\n<li>Une vision optimis\u00e9e avec des lunettes correctement ajust\u00e9es; et,<\/li>\n<li>Un look mis \u00e0 jour qui correspond \u00e0 leur style.<\/li>\n<\/ul>\n[\/vc_column_text][mk_button dimension=\u00a0\u00bbflat\u00a0\u00bb corner_style=\u00a0\u00bbrounded\u00a0\u00bb size=\u00a0\u00bblarge\u00a0\u00bb url=\u00a0\u00bb\/fr\/trouvez-un-opticien\/\u00a0\u00bb margin_bottom=\u00a0\u00bb0&Prime; margin_right=\u00a0\u00bb0&Prime; bg_color=\u00a0\u00bb#00bff3&Prime; btn_hover_bg=\u00a0\u00bb#448ccb\u00a0\u00bb]Trouvez un opticien[\/mk_button][\/vc_column][vc_column width=\u00a0\u00bb1\/2&Prime;][mk_image src=\u00a0\u00bbhttps:\/\/licensedoptician.ca\/wp-content\/uploads\/2020\/04\/protect-most-precious-sense.jpg\u00a0\u00bb image_size=\u00a0\u00bbfull\u00a0\u00bb align=\u00a0\u00bbcenter\u00a0\u00bb margin_bottom=\u00a0\u00bb0&Prime;][\/vc_column][\/vc_row][vc_row css=\u00a0\u00bb.vc_custom_1539108794158{padding-top: 50px !important;padding-bottom: 50px !important;}\u00a0\u00bb][vc_column width=\u00a0\u00bb1\/2&Prime;][mk_image src=\u00a0\u00bbhttps:\/\/licensedoptician.ca\/wp-content\/uploads\/2020\/04\/custom-fit-solution-500&#215;500-1.jpg\u00a0\u00bb image_size=\u00a0\u00bbfull\u00a0\u00bb caption_location=\u00a0\u00bboutside-image\u00a0\u00bb align=\u00a0\u00bbcenter\u00a0\u00bb margin_bottom=\u00a0\u00bb0&Prime;][\/vc_column][vc_column width=\u00a0\u00bb1\/2&Prime;][vc_column_text disable_pattern=\u00a0\u00bbfalse\u00a0\u00bb css=\u00a0\u00bb.vc_custom_1591128391247{margin-bottom: 0px !important;}\u00a0\u00bb]\n<h2>PROT\u00c9GER LES YEUX DE VOTRE ENFANT<\/h2>\n<h3>SOLUTIONS SUR MESURE<\/h3>\n<p><span style=\"font-weight: 400;\">En choisissant un opticien autoris\u00e9, vous obtiendrez l\u2019\u00e9valuation appropri\u00e9e et les meilleurs conseils pour prot\u00e9ger la vue de votre enfant. Que ce soit pour la myopie, l&rsquo;hyperm\u00e9tropie ou l&rsquo;astigmatisme, la bonne paire de lunettes peut corriger la vue de votre enfant tout en le prot\u00e9geant de probl\u00e8mes plus graves tels que le strabisme et l&rsquo;\u0153il paresseux.<\/span><\/p>\n<p><span style=\"font-weight: 400;\">Seul un opticien autoris\u00e9 peut vous fournir les meilleurs conseils pour les lunettes de votre enfant et les ajuster \u00e0 la perfection. Un examen de la vue complet avant l&rsquo;entr\u00e9e de votre enfant \u00e0 l&rsquo;\u00e9cole est une bonne id\u00e9e, m\u00eame plus t\u00f4t si vous soup\u00e7onnez des probl\u00e8mes de vision. L&rsquo;opticien autoris\u00e9 recommandera la meilleure solution possible pour les besoins visuels de votre enfant et assurera un ajustement personnalis\u00e9 de ses lunettes. Parce que vos enfants ne m\u00e9ritent que le meilleur, assurez-vous de trouver un opticien autoris\u00e9.<\/span>[\/vc_column_text][mk_button dimension=\u00a0\u00bbflat\u00a0\u00bb corner_style=\u00a0\u00bbrounded\u00a0\u00bb size=\u00a0\u00bblarge\u00a0\u00bb url=\u00a0\u00bb\/fr\/trouvez-un-opticien\/\u00a0\u00bb margin_bottom=\u00a0\u00bb0&Prime; margin_right=\u00a0\u00bb0&Prime; bg_color=\u00a0\u00bb#00bff3&Prime; btn_hover_bg=\u00a0\u00bb#448ccb\u00a0\u00bb]Trouvez un opticien[\/mk_button][\/vc_column][\/vc_row][mk_page_section bg_image=\u00a0\u00bbhttps:\/\/licensedoptician.ca\/wp-content\/uploads\/2020\/04\/find-a-licensed-optician.jpg\u00a0\u00bb bg_position=\u00a0\u00bbcenter center\u00a0\u00bb bg_repeat=\u00a0\u00bbno-repeat\u00a0\u00bb bg_stretch=\u00a0\u00bbtrue\u00a0\u00bb enable_3d=\u00a0\u00bbtrue\u00a0\u00bb padding_top=\u00a0\u00bb150&Prime; padding_bottom=\u00a0\u00bb150&Prime; sidebar=\u00a0\u00bbsidebar-1&Prime;][vc_column][vc_column_text css=\u00a0\u00bb.vc_custom_1591128742641{margin-bottom: 0px !important;}\u00a0\u00bb]\n<h1 style=\"text-align: center; color: #fff; font-size: 50px;\">Trouvez un opticien autoris\u00e9<\/h1>\n<h2 style=\"text-align: center; color: #fff; font-size: 35px;\">Sp\u00e9cialistes de la lunette<\/h2>\n[\/vc_column_text][vc_empty_space height=\u00a0\u00bb35px\u00a0\u00bb][mk_button dimension=\u00a0\u00bbflat\u00a0\u00bb corner_style=\u00a0\u00bbrounded\u00a0\u00bb size=\u00a0\u00bblarge\u00a0\u00bb url=\u00a0\u00bb\/fr\/trouvez-un-opticien\/\u00a0\u00bb align=\u00a0\u00bbcenter\u00a0\u00bb margin_bottom=\u00a0\u00bb0&Prime; margin_right=\u00a0\u00bb0&Prime; bg_color=\u00a0\u00bb#00bff3&Prime; btn_hover_bg=\u00a0\u00bb#448ccb\u00a0\u00bb]Trouvez un opticien pr\u00e8s de chez vous[\/mk_button][\/vc_column][\/mk_page_section][vc_row css=\u00a0\u00bb.vc_custom_1539108794158{padding-top: 50px !important;padding-bottom: 50px !important;}\u00a0\u00bb][vc_column width=\u00a0\u00bb2\/3&Prime;][vc_column_text disable_pattern=\u00a0\u00bbfalse\u00a0\u00bb css=\u00a0\u00bb.vc_custom_1591128483302{margin-bottom: 0px !important;}\u00a0\u00bb]\n<h2>PRESCRIPTION DE LUNETTES POUR VOTRE ENFANT<\/h2>\n<p style=\"text-align: justify;\">Un opticien autoris\u00e9 trouvera des lunettes qui maintiendront les lentilles en place de sorte que l&rsquo;enfant ne regardera pas au-dessus, ni en dessous, mais bien \u00e0 travers le centre optique des lentilles. Le poids des verres aura tendance \u00e0 les faire glisser et \u00e0 affecter l&rsquo;effet correctif. La zone nasale du cadre doit correspondre le plus possible \u00e0 la pente naturelle et \u00e0 l&rsquo;\u00e9vasement du nez. Les plaquettes de nez sur les cadres m\u00e9talliques peuvent \u00eatre adapt\u00e9es \u00e0 la forme. Les cadres en plastique sont moins indulgents, mais une bonne correspondance peut \u00eatre trouv\u00e9e. Les tempes doivent \u00eatre suffisamment longues pour pouvoir \u00eatre fa\u00e7onn\u00e9es de mani\u00e8re \u00e0 se situer en toute s\u00e9curit\u00e9 entre la t\u00eate et l&rsquo;oreille.<\/p>\n[\/vc_column_text][mk_button dimension=\u00a0\u00bbflat\u00a0\u00bb corner_style=\u00a0\u00bbrounded\u00a0\u00bb size=\u00a0\u00bblarge\u00a0\u00bb url=\u00a0\u00bb\/fr\/trouvez-un-opticien\/\u00a0\u00bb align=\u00a0\u00bbcenter\u00a0\u00bb margin_bottom=\u00a0\u00bb0&Prime; margin_right=\u00a0\u00bb0&Prime; bg_color=\u00a0\u00bb#00bff3&Prime; btn_hover_bg=\u00a0\u00bb#448ccb\u00a0\u00bb]Trouvez un opticien pr\u00e8s de chez vous[\/mk_button][\/vc_column][vc_column width=\u00a0\u00bb1\/3&Prime;][mk_image src=\u00a0\u00bbhttps:\/\/licensedoptician.ca\/wp-content\/uploads\/2018\/10\/opt_04.jpg\u00a0\u00bb image_size=\u00a0\u00bbfull\u00a0\u00bb title=\u00a0\u00bbRuth\u00a0\u00bb desc=\u00a0\u00bbOpticien autoris\u00e9\u00a0\u00bb caption_location=\u00a0\u00bboutside-image\u00a0\u00bb align=\u00a0\u00bbcenter\u00a0\u00bb margin_bottom=\u00a0\u00bb0&Prime; el_class=\u00a0\u00bbroundImage\u00a0\u00bb][\/vc_column][\/vc_row][mk_page_section bg_image=\u00a0\u00bbhttps:\/\/licensedoptician.ca\/wp-content\/uploads\/2020\/04\/licensed-optician-children-parallax-1920&#215;850-005.jpg\u00a0\u00bb bg_position=\u00a0\u00bbcenter top\u00a0\u00bb bg_repeat=\u00a0\u00bbno-repeat\u00a0\u00bb bg_stretch=\u00a0\u00bbtrue\u00a0\u00bb enable_3d=\u00a0\u00bbtrue\u00a0\u00bb min_height=\u00a0\u00bb0&Prime; padding_top=\u00a0\u00bb0&Prime; padding_bottom=\u00a0\u00bb0&Prime; sidebar=\u00a0\u00bbsidebar-1&Prime;][vc_column width=\u00a0\u00bb1\/3&Prime;][\/vc_column][vc_column width=\u00a0\u00bb1\/3&Prime;][\/vc_column][vc_column width=\u00a0\u00bb1\/3&Prime; css=\u00a0\u00bb.vc_custom_1539109163984{padding-top: 50px !important;padding-right: 20px !important;padding-bottom: 50px !important;padding-left: 20px !important;background-color: rgba(217,20,115,0.7) !important;*background-color: rgb(217,20,115) !important;}\u00a0\u00bb][vc_column_text css=\u00a0\u00bb.vc_custom_1591128512496{margin-bottom: 0px !important;}\u00a0\u00bb]\n<h2 style=\"color: #fff;\">LENTILLES DE CONTACT POUR LES ENFANTS<\/h2>\n<p style=\"text-align: justify; color: #fff;\">Le port de lentilles de contact n\u00e9cessite un niveau de maturit\u00e9 et d&rsquo;autodiscipline qui n&rsquo;est pas n\u00e9cessairement associ\u00e9 \u00e0 l&rsquo;\u00e2ge. Le fait est qu&rsquo;une lentille de contact est un corps \u00e9tranger dans votre \u0153il et, si elle n&rsquo;est pas respect\u00e9e, elle peut endommager votre tissu corn\u00e9en et avoir un impact n\u00e9gatif sur votre vision. La d\u00e9cision d&rsquo;autoriser l&rsquo;enfant \u00e0 porter des lentilles de contact devrait impliquer une discussion avec son optom\u00e9triste et une personne qualifi\u00e9e dans le choix de lentilles de contact, soit un opticien autoris\u00e9.<\/p>\n[\/vc_column_text][mk_image src=\u00a0\u00bbhttps:\/\/licensedoptician.ca\/wp-content\/uploads\/2018\/10\/opt_05.jpg\u00a0\u00bb image_size=\u00a0\u00bbfull\u00a0\u00bb title=\u00a0\u00bbLarry\u00a0\u00bb desc=\u00a0\u00bbOpticien autoris\u00e9\u00a0\u00bb caption_location=\u00a0\u00bboutside-image\u00a0\u00bb align=\u00a0\u00bbcenter\u00a0\u00bb margin_bottom=\u00a0\u00bb0&Prime; el_class=\u00a0\u00bbroundImage whitecaption\u00a0\u00bb][mk_button dimension=\u00a0\u00bbflat\u00a0\u00bb corner_style=\u00a0\u00bbrounded\u00a0\u00bb size=\u00a0\u00bblarge\u00a0\u00bb url=\u00a0\u00bb\/fr\/trouvez-un-opticien\/\u00a0\u00bb align=\u00a0\u00bbcenter\u00a0\u00bb margin_bottom=\u00a0\u00bb0&Prime; margin_right=\u00a0\u00bb0&Prime; bg_color=\u00a0\u00bb#00bff3&Prime; btn_hover_bg=\u00a0\u00bb#448ccb\u00a0\u00bb]Trouvez un opticien pr\u00e8s de chez vous[\/mk_button][\/vc_column][\/mk_page_section][vc_row css=\u00a0\u00bb.vc_custom_1539108794158{padding-top: 50px !important;padding-bottom: 50px !important;}\u00a0\u00bb][vc_column width=\u00a0\u00bb2\/3&Prime;][vc_column_text disable_pattern=\u00a0\u00bbfalse\u00a0\u00bb css=\u00a0\u00bb.vc_custom_1591128541246{margin-bottom: 0px !important;}\u00a0\u00bb]\n<h2>LUNETTES DE SPORT DE PRESCRIPTION POUR ENFANTS!<\/h2>\n<p style=\"text-align: justify;\">La protection physique de l&rsquo;\u0153il devrait \u00eatre la premi\u00e8re priorit\u00e9 lorsque quiconque pratique un sport. Vous investissez dans des casques de hockey et de baseball, des genouill\u00e8res et d&rsquo;autres \u00e9quipements de protection, pourquoi ne pas investir dans la protection des yeux? Les statistiques montrent que 90% des blessures aux yeux peuvent \u00eatre \u00e9vit\u00e9es si des lunettes de sport sont port\u00e9es. Les lentilles de contact sont une alternative, mais bien qu&rsquo;elles r\u00e9solvent le probl\u00e8me d&rsquo;acuit\u00e9 visuelle, elles n&rsquo;offrent pas de protection physique. Si les lentilles de contact sont le choix de votre enfant, des lunettes sans ordonnance avec des lentilles en polycarbonate sont optimales.<\/p>\n[\/vc_column_text][mk_button dimension=\u00a0\u00bbflat\u00a0\u00bb corner_style=\u00a0\u00bbrounded\u00a0\u00bb size=\u00a0\u00bblarge\u00a0\u00bb url=\u00a0\u00bb\/fr\/trouvez-un-opticien\/\u00a0\u00bb align=\u00a0\u00bbcenter\u00a0\u00bb margin_bottom=\u00a0\u00bb0&Prime; margin_right=\u00a0\u00bb0&Prime; bg_color=\u00a0\u00bb#00bff3&Prime; btn_hover_bg=\u00a0\u00bb#448ccb\u00a0\u00bb]Trouvez un opticien pr\u00e8s de chez vous[\/mk_button][\/vc_column][vc_column width=\u00a0\u00bb1\/3&Prime;][mk_image src=\u00a0\u00bbhttps:\/\/licensedoptician.ca\/wp-content\/uploads\/2018\/10\/opt_06.jpg\u00a0\u00bb image_size=\u00a0\u00bbfull\u00a0\u00bb title=\u00a0\u00bbRalph\u00a0\u00bb desc=\u00a0\u00bbOpticien autoris\u00e9\u00a0\u00bb caption_location=\u00a0\u00bboutside-image\u00a0\u00bb align=\u00a0\u00bbcenter\u00a0\u00bb margin_bottom=\u00a0\u00bb0&Prime; el_class=\u00a0\u00bbroundImage\u00a0\u00bb][\/vc_column][\/vc_row]\n<\/section>","protected":false},"excerpt":{"rendered":"<p>[vc_row][vc_column][mk_revslider id=\u00a0\u00bbenfant\u00a0\u00bb][\/vc_column][\/vc_row][vc_row css=\u00a0\u00bb.vc_custom_1539108794158{padding-top: 50px !important;padding-bottom: 50px !important;}\u00a0\u00bb][vc_column width=\u00a0\u00bb1\/2&Prime;][vc_column_text disable_pattern=\u00a0\u00bbfalse\u00a0\u00bb css=\u00a0\u00bb.vc_custom_1591128347731{margin-bottom: 0px !important;}\u00a0\u00bb] PROT\u00c9GER LEUR SENS LE PLUS PR\u00c9CIEUX UN OPTICIEN autoris\u00e9 VOUS AIDE \u00c0 CHOISIR LA MEILLEURE SOLUTION DE SOINS DE VISION POUR VOTRE ENFANT Il est facile de prot\u00e9ger la vue de votre enfant gr\u00e2ce \u00e0 un mode de vie saine et \u00e0 l&rsquo;aide [&hellip;]<\/p>\n","protected":false},"author":1,"featured_media":0,"parent":0,"menu_order":0,"comment_status":"closed","ping_status":"closed","template":"","meta":{"footnotes":""},"class_list":["post-681","page","type-page","status-publish","hentry"],"_links":{"self":[{"href":"https:\/\/licensedoptician.ca\/fr\/wp-json\/wp\/v2\/pages\/681","targetHints":{"allow":["GET"]}}],"collection":[{"href":"https:\/\/licensedoptician.ca\/fr\/wp-json\/wp\/v2\/pages"}],"about":[{"href":"https:\/\/licensedoptician.ca\/fr\/wp-json\/wp\/v2\/types\/page"}],"author":[{"embeddable":true,"href":"https:\/\/licensedoptician.ca\/fr\/wp-json\/wp\/v2\/users\/1"}],"replies":[{"embeddable":true,"href":"https:\/\/licensedoptician.ca\/fr\/wp-json\/wp\/v2\/comments?post=681"}],"version-history":[{"count":0,"href":"https:\/\/licensedoptician.ca\/fr\/wp-json\/wp\/v2\/pages\/681\/revisions"}],"wp:attachment":[{"href":"https:\/\/licensedoptician.ca\/fr\/wp-json\/wp\/v2\/media?parent=681"}],"curies":[{"name":"wp","href":"https:\/\/api.w.org\/{rel}","templated":true}]}}