{"id":646,"date":"2018-10-09T13:49:08","date_gmt":"2018-10-09T13:49:08","guid":{"rendered":"https:\/\/licensedoptician.ca\/home\/"},"modified":"2021-09-16T09:47:00","modified_gmt":"2021-09-16T13:47:00","slug":"home","status":"publish","type":"page","link":"https:\/\/licensedoptician.ca\/fr\/","title":{"rendered":"Accueil"},"content":{"rendered":"<section class=\"wpb-content-wrapper\">[vc_row fullwidth=\u00a0\u00bbtrue\u00a0\u00bb][vc_column][mk_revslider id=\u00a0\u00bbaccueil-v2&Prime;][\/vc_column][\/vc_row][mk_page_section full_width=\u00a0\u00bbtrue\u00a0\u00bb padding_top=\u00a0\u00bb0&Prime; padding_bottom=\u00a0\u00bb0&Prime; el_class=\u00a0\u00bbequalHeight\u00a0\u00bb sidebar=\u00a0\u00bbsidebar-1&Prime;][vc_column width=\u00a0\u00bb1\/3&Prime; css=\u00a0\u00bb.vc_custom_1599140655042{padding-top: 50px !important;padding-right: 20px !important;padding-bottom: 50px !important;padding-left: 20px !important;background-color: #00bff3 !important;}\u00a0\u00bb][mk_image src=\u00a0\u00bbhttps:\/\/licensedoptician.ca\/wp-content\/uploads\/2020\/08\/why-choose-licensed-optician.png\u00a0\u00bb image_size=\u00a0\u00bbfull\u00a0\u00bb link=\u00a0\u00bbhttps:\/\/licensedoptician.ca\/fr\/produits-optiques\/\u00a0\u00bb align=\u00a0\u00bbcenter\u00a0\u00bb margin_bottom=\u00a0\u00bb25&Prime;][vc_column_text css=\u00a0\u00bb.vc_custom_1599140862769{margin-bottom: 0px !important;}\u00a0\u00bb]\n<h3 style=\"text-align: center; color: #fff; font-weight: 100;\"><a style=\"color: #fff;\" href=\"https:\/\/licensedoptician.ca\/fr\/produits-optiques\/\">Comment un opticien autoris\u00e9 peut-il vous aider?<\/a><\/h3>\n[\/vc_column_text][vc_empty_space height=\u00a0\u00bb20px\u00a0\u00bb][\/vc_column][vc_column width=\u00a0\u00bb1\/3&Prime; css=\u00a0\u00bb.vc_custom_1524243206613{padding-top: 50px !important;padding-right: 20px !important;padding-bottom: 50px !important;padding-left: 20px !important;background-color: #448ccb !important;}\u00a0\u00bb][mk_image src=\u00a0\u00bbhttps:\/\/licensedoptician.ca\/wp-content\/uploads\/2020\/08\/tips.png\u00a0\u00bb image_width=\u00a0\u00bb240&Prime; image_height=\u00a0\u00bb240&Prime; link=\u00a0\u00bbhttps:\/\/licensedoptician.ca\/fr\/bon-a-savoir\/\u00a0\u00bb align=\u00a0\u00bbcenter\u00a0\u00bb margin_bottom=\u00a0\u00bb25&Prime;][vc_column_text css=\u00a0\u00bb.vc_custom_1599140870083{margin-bottom: 0px !important;}\u00a0\u00bb]\n<h3 style=\"text-align: center; color: #fff; font-weight: 100;\"><a style=\"color: #fff;\" href=\"https:\/\/licensedoptician.ca\/fr\/bon-a-savoir\/\">Conseils pour votre vision<\/a><\/h3>\n[\/vc_column_text][vc_empty_space height=\u00a0\u00bb20px\u00a0\u00bb][\/vc_column][vc_column width=\u00a0\u00bb1\/3&Prime; css=\u00a0\u00bb.vc_custom_1524243217430{padding-top: 50px !important;padding-right: 20px !important;padding-bottom: 50px !important;padding-left: 20px !important;background-color: #00bff3 !important;}\u00a0\u00bb][mk_image src=\u00a0\u00bbhttps:\/\/licensedoptician.ca\/wp-content\/uploads\/2020\/08\/find-licensed-optician.png\u00a0\u00bb image_width=\u00a0\u00bb240&Prime; image_height=\u00a0\u00bb240&Prime; link=\u00a0\u00bbhttps:\/\/licensedoptician.ca\/fr\/trouvez-un-opticien\/\u00a0\u00bb align=\u00a0\u00bbcenter\u00a0\u00bb margin_bottom=\u00a0\u00bb25&Prime;][vc_column_text css=\u00a0\u00bb.vc_custom_1599140877003{margin-bottom: 0px !important;}\u00a0\u00bb]\n<h3 style=\"text-align: center; color: #fff; font-weight: 100;\"><a style=\"color: #fff;\" href=\"https:\/\/licensedoptician.ca\/fr\/trouvez-un-opticien\/\">Trouver un opticien autoris\u00e9<\/a><\/h3>\n[\/vc_column_text][vc_empty_space height=\u00a0\u00bb20px\u00a0\u00bb][\/vc_column][\/mk_page_section][mk_page_section min_height=\u00a0\u00bb0&Prime; full_width=\u00a0\u00bbtrue\u00a0\u00bb padding_top=\u00a0\u00bb35&Prime; padding_bottom=\u00a0\u00bb35&Prime; sidebar=\u00a0\u00bbsidebar-1&Prime;][vc_column width=\u00a0\u00bb1\/2&Prime; css=\u00a0\u00bb.vc_custom_1598530104526{padding: 50px !important;}\u00a0\u00bb][vc_column_text css=\u00a0\u00bb.vc_custom_1599148384473{margin-bottom: 0px !important;}\u00a0\u00bb]\n<h2>Qu&rsquo;est-ce qu&rsquo;un opticien autoris\u00e9 ?<\/h2>\n<p style=\"text-align: justify;\">Un opticien autoris\u00e9 est un sp\u00e9cialiste de l&rsquo;optique. En d&rsquo;autre mots, c&rsquo;est l&rsquo;expert dont vous avez besoin lorsque vous cherchez des conseils afin de choisir des produits optiques tels que des lunettes ou des verres de contact. Afin de pouvoir vous conseiller ad\u00e9quatement, les opticiens passent \u00e0 travers un processus rigoureux pour obtenir leur certification.<\/p>\n<h3 style=\"font-size: 20px; font-weight: 500;\">Processus d&rsquo;accr\u00e9ditation<\/h3>\n<p style=\"text-align: justify;\">Pour devenir un opticien autoris\u00e9, le candidat doit r\u00e9pondre aux exigences de l&rsquo;Association nationale des organismes de r\u00e9glementation des opticiens du Canada (NACOR). Il doit donc tout d&rsquo;abord postuler \u00e0 un programme d&rsquo;optique accr\u00e9dit\u00e9. Cependant, s&rsquo;il a d\u00e9j\u00e0 fr\u00e9quent\u00e9 un \u00e9tablissement de formation non accr\u00e9dit\u00e9 ou s&rsquo;il a une formation en optique ou en soins de sant\u00e9, il peut \u00e9galement \u00eatre admissible \u00e0 devenir opticien dans le cadre du processus PLAR.<\/p>\n<h3 style=\"font-size: 20px; font-weight: 500;\">Organismes de r\u00e9glementation provinciaux<\/h3>\n<p style=\"text-align: justify;\">Le m\u00e9tier d\u2019opticien est une profession prot\u00e9g\u00e9e dans la plupart des r\u00e9gions du Canada et les opticiens autoris\u00e9s canadiens sont supervis\u00e9s par des organismes de r\u00e9glementation provinciaux. L\u2019objectif de l\u2019organisme de r\u00e9glementation est de s\u2019assurer que toutes les personnes qui souhaitent acc\u00e9der \u00e0 la profession et maintenir leur adh\u00e9sion sont des professionnels comp\u00e9tents et \u00e9thiques. Le processus d\u2019enregistrement en tant qu&rsquo;opticien varie en fonction des normes provinciales, mais est toujours pr\u00e9sent dans le but de vous garantir un service professionnel pour vos yeux.<\/p>\n<h3 style=\"font-size: 20px; font-weight: 500;\">Le meilleur ami de vos yeux<\/h3>\n<p style=\"text-align: justify;\">Un opticien autoris\u00e9 est un sp\u00e9cialiste form\u00e9 sp\u00e9cifiquement pour planifier, pr\u00e9parer et distribuer des produits optiques tels que des lunettes et des lentilles de contact. Il sait interpr\u00e9ter les prescriptions et observer attentivement vos besoins afin de vous apporter la meilleure solution possible. Un opticien autoris\u00e9 vous aidera \u00e9galement \u00e0 s\u00e9lectionner la bonne monture et fera les ajustements n\u00e9cessaires pour s&rsquo;assurer qu&rsquo;elle vous convienne parfaitement.<\/p>\n<p style=\"text-align: justify;\">Rien ne vaut la satisfaction de mieux voir le monde qui nous entoure. Confiez votre vision \u00e0 un opticien autoris\u00e9.<\/p>\n[\/vc_column_text][\/vc_column][vc_column width=\u00a0\u00bb1\/2&Prime; css=\u00a0\u00bb.vc_custom_1598530117430{padding-top: 50px !important;padding-bottom: 50px !important;}\u00a0\u00bb][mk_image src=\u00a0\u00bbhttps:\/\/licensedoptician.ca\/wp-content\/uploads\/2020\/08\/what-is-licensed-optician.jpg\u00a0\u00bb image_size=\u00a0\u00bbfull\u00a0\u00bb align=\u00a0\u00bbcenter\u00a0\u00bb margin_bottom=\u00a0\u00bb0&Prime;][\/vc_column][\/mk_page_section][mk_page_section bg_image=\u00a0\u00bbhttps:\/\/licensedoptician.ca\/wp-content\/uploads\/2020\/08\/groupe-24.jpg\u00a0\u00bb bg_color=\u00a0\u00bb#ffffff\u00a0\u00bb bg_position=\u00a0\u00bbcenter center\u00a0\u00bb bg_repeat=\u00a0\u00bbno-repeat\u00a0\u00bb bg_stretch=\u00a0\u00bbtrue\u00a0\u00bb full_width=\u00a0\u00bbtrue\u00a0\u00bb padding_top=\u00a0\u00bb75&Prime; padding_bottom=\u00a0\u00bb75&Prime; sidebar=\u00a0\u00bbsidebar-1&Prime;][vc_column width=\u00a0\u00bb2\/3&Prime; css=\u00a0\u00bb.vc_custom_1598529378858{padding-right: 100px !important;padding-left: 100px !important;}\u00a0\u00bb][vc_column_text css=\u00a0\u00bb.vc_custom_1599148449224{margin-bottom: 0px !important;}\u00a0\u00bb]\n<h2 style=\"text-align: left; color: #fff;\">Les opticiens sont des professionnels de la sant\u00e9 de premi\u00e8re ligne poss\u00e9dant une connaissance approfondie des lunettes, des lentilles de contact et des appareils adapt\u00e9s.<\/h2>\n<p style=\"text-align: left; color: #fff; font-size: 20px;\">Pour prot\u00e9ger le public, les professionnels canadiens de la sant\u00e9 sont rigoureusement r\u00e9glement\u00e9. Comme les opticiens autoris\u00e9s en font partie, ils doivent \u00eatre accr\u00e9dit\u00e9s par un organisme de r\u00e9glementation provincial. Cette certification garantie qu&rsquo;ils satisfont aux exigences de la National Association of Canadian Optician Regulators (NACOR). Les opticiens autoris\u00e9s re\u00e7oivent \u00e9galement une formation constante sur les maladies et le contr\u00f4le des infections et poss\u00e8dent les connaissances et les comp\u00e9tences pour fournir, pr\u00e9parer et distribuer des produits optiques gr\u00e2ce \u00e0 l&rsquo;interpr\u00e9tation des ordonnances tout en comprenant les bons ajustements \u00e0 apporter pour offrir une vision optimale et \u00e9viter les inconv\u00e9nients ou les complications.<\/p>\n[\/vc_column_text][mk_button dimension=\u00a0\u00bbflat\u00a0\u00bb corner_style=\u00a0\u00bbrounded\u00a0\u00bb size=\u00a0\u00bblarge\u00a0\u00bb url=\u00a0\u00bb\/fr\/trouvez-un-opticien\/\u00a0\u00bb margin_bottom=\u00a0\u00bb0&Prime; margin_right=\u00a0\u00bb0&Prime; bg_color=\u00a0\u00bb#da1473&Prime; btn_hover_bg=\u00a0\u00bb#ffffff\u00a0\u00bb btn_hover_txt_color=\u00a0\u00bb#da1473&Prime;]Trouvez un opticien[\/mk_button][\/vc_column][vc_column width=\u00a0\u00bb1\/3&Prime;][\/vc_column][\/mk_page_section][mk_page_section min_height=\u00a0\u00bb0&Prime; padding_top=\u00a0\u00bb35&Prime; padding_bottom=\u00a0\u00bb35&Prime; sidebar=\u00a0\u00bbsidebar-1&Prime;][vc_column][vc_column_text css=\u00a0\u00bb.vc_custom_1598529490056{margin-bottom: 0px !important;}\u00a0\u00bb]\n<h2 style=\"text-align: center;\">POURQUOI CHOISIR UN OPTICIEN AUTORIS\u00c9<\/h2>\n<h3 style=\"text-align: center;\">OBTENEZ LA BONNE SOLUTION POUR VOS BESOINS<\/h3>\n[\/vc_column_text][vc_row_inner][vc_column_inner width=\u00a0\u00bb1\/4&Prime;][mk_image src=\u00a0\u00bbhttps:\/\/licensedoptician.ca\/wp-content\/uploads\/2020\/04\/icon-up-to-date.png\u00a0\u00bb image_size=\u00a0\u00bbfull\u00a0\u00bb align=\u00a0\u00bbcenter\u00a0\u00bb margin_bottom=\u00a0\u00bb15&Prime;][vc_column_text css=\u00a0\u00bb.vc_custom_1599148509825{margin-bottom: 0px !important;}\u00a0\u00bb]\n<p style=\"text-align: center;\"><b>\u00c0 jour<\/b><br \/>\nUn opticien autoris\u00e9 se tient inform\u00e9 des derni\u00e8res tendances et avanc\u00e9es technologiques afin de r\u00e9soudre efficacement les probl\u00e8mes visuels. Il \u00e9largit ses comp\u00e9tences gr\u00e2ce \u00e0 une formation et une \u00e9ducation continues pour rester \u00e0 jour dans un domaine en constante \u00e9volution.<\/p>\n[\/vc_column_text][\/vc_column_inner][vc_column_inner width=\u00a0\u00bb1\/4&Prime;][mk_image src=\u00a0\u00bbhttps:\/\/licensedoptician.ca\/wp-content\/uploads\/2020\/04\/icon-education.png\u00a0\u00bb image_size=\u00a0\u00bbfull\u00a0\u00bb align=\u00a0\u00bbcenter\u00a0\u00bb margin_bottom=\u00a0\u00bb15&Prime;][vc_column_text css=\u00a0\u00bb.vc_custom_1599148539188{margin-bottom: 0px !important;}\u00a0\u00bb]\n<p style=\"text-align: center;\"><b>\u00c9ducation<\/b><br \/>\nUn opticien autoris\u00e9 n&rsquo;est pas seulement l\u00e0 pour vous offrir la meilleure solution visuelle, il a \u00e9galement votre meilleur int\u00e9r\u00eat \u00e0 c\u0153ur et vous informe. Il vous apprend tout ce que vous devez savoir sur le port et l&rsquo;entretien de vos produits optiques.<\/p>\n[\/vc_column_text][\/vc_column_inner][vc_column_inner width=\u00a0\u00bb1\/4&Prime;][mk_image src=\u00a0\u00bbhttps:\/\/licensedoptician.ca\/wp-content\/uploads\/2020\/04\/icon-best-fit.png\u00a0\u00bb image_size=\u00a0\u00bbfull\u00a0\u00bb align=\u00a0\u00bbcenter\u00a0\u00bb margin_bottom=\u00a0\u00bb15&Prime;][vc_column_text css=\u00a0\u00bb.vc_custom_1598529524741{margin-bottom: 0px !important;}\u00a0\u00bb]\n<p style=\"text-align: center;\"><b>Meilleur ajustement<\/b><br \/>\nVos traits faciaux sont uniques et un opticien autoris\u00e9 trouvera les montures, les lentilles et les rev\u00eatements qui vous conviendront le mieux. Un opticien autoris\u00e9 est form\u00e9 pour tout mesurer avec pr\u00e9cision afin que vos yeux soient bien centr\u00e9s dans les montures pour plus de confort, de style et une vision optimale.<\/p>\n[\/vc_column_text][\/vc_column_inner][vc_column_inner width=\u00a0\u00bb1\/4&Prime;][mk_image src=\u00a0\u00bbhttps:\/\/licensedoptician.ca\/wp-content\/uploads\/2020\/04\/icon-visual-health.png\u00a0\u00bb image_size=\u00a0\u00bbfull\u00a0\u00bb align=\u00a0\u00bbcenter\u00a0\u00bb margin_bottom=\u00a0\u00bb15&Prime;][vc_column_text css=\u00a0\u00bb.vc_custom_1599148660165{margin-bottom: 0px !important;}\u00a0\u00bb]\n<p style=\"text-align: center;\"><b>Sant\u00e9 visuelle<\/b><br \/>\nEn plus d&rsquo;\u00eatre des sp\u00e9cialistes en optique, les opticiens autoris\u00e9s sont form\u00e9s sp\u00e9cifiquement dans le but de vous aider \u00e0 mieux voir. Ils connaissent les nouvelles technologies et conceptions de verres dans les lunettes, les lentilles de contact et les aides \u00e0 la vision. Ils peuvent d\u00e9terminer lequel de ceux-ci peut am\u00e9liorer votre vision au maximum.<\/p>\n[\/vc_column_text][\/vc_column_inner][\/vc_row_inner][\/vc_column][\/mk_page_section][mk_page_section bg_image=\u00a0\u00bbhttps:\/\/licensedoptician.ca\/wp-content\/uploads\/2020\/04\/select-the-right-frame-for-you.jpg\u00a0\u00bb bg_position=\u00a0\u00bbcenter center\u00a0\u00bb bg_repeat=\u00a0\u00bbno-repeat\u00a0\u00bb bg_stretch=\u00a0\u00bbtrue\u00a0\u00bb enable_3d=\u00a0\u00bbtrue\u00a0\u00bb min_height=\u00a0\u00bb0&Prime; padding_top=\u00a0\u00bb100&Prime; padding_bottom=\u00a0\u00bb100&Prime; sidebar=\u00a0\u00bbsidebar-1&Prime;][vc_column][vc_column_text disable_pattern=\u00a0\u00bb\u00a0\u00bb margin_bottom=\u00a0\u00bb\u00a0\u00bb css=\u00a0\u00bb.vc_custom_1599148712770{margin-bottom: 0px !important;}\u00a0\u00bb]\n<h2 style=\"text-align: center; color: #fff; font-size: 50px;\">VOTRE OPTICIEN AUTORIS\u00c9 VOUS AIDE \u00c0 CHOISIR LA BONNE MONTURE POUR VOUS!<\/h2>\n<p style=\"color: #fff; text-align: center;\">En tant qu&rsquo;opticiens autoris\u00e9s, notre mission est de combiner vos besoins visuels en mati\u00e8re de prescription avec ce que vous aimeriez que vos lunettes disent \u00e0 votre sujet. Nous devons tenir compte de votre structure et forme faciales, votre teint ainsi que votre style personnel pour trouver la monture, les mat\u00e9riaux, la forme, la couleur ainsi que les rev\u00eatements id\u00e9aux, afin que vos lunettes vous donnent un look fabuleux!<\/p>\n[\/vc_column_text][vc_empty_space height=\u00a0\u00bb35px\u00a0\u00bb][mk_button dimension=\u00a0\u00bbflat\u00a0\u00bb corner_style=\u00a0\u00bbrounded\u00a0\u00bb size=\u00a0\u00bblarge\u00a0\u00bb url=\u00a0\u00bb\/fr\/trouvez-un-opticien\/\u00a0\u00bb align=\u00a0\u00bbcenter\u00a0\u00bb id=\u00a0\u00bbLearnMore\u00a0\u00bb margin_bottom=\u00a0\u00bb0&Prime; margin_right=\u00a0\u00bb0&Prime; bg_color=\u00a0\u00bb#da1473&Prime; btn_hover_bg=\u00a0\u00bb#ffffff\u00a0\u00bb btn_hover_txt_color=\u00a0\u00bb#da1473&Prime;]Trouvez un opticien[\/mk_button][\/vc_column][\/mk_page_section][mk_page_section padding_top=\u00a0\u00bb35&Prime; padding_bottom=\u00a0\u00bb35&Prime; sidebar=\u00a0\u00bbsidebar-1&Prime;][vc_column][vc_column_text css=\u00a0\u00bb.vc_custom_1598530503415{margin-bottom: 0px !important;}\u00a0\u00bb]\n<h2 style=\"text-align: center;\">Un processus rigoureux<\/h2>\n<h3 style=\"text-align: center;\">3 \u00e9tapes cruciales pour une solution optimale<\/h3>\n[\/vc_column_text][vc_empty_space height=\u00a0\u00bb20px\u00a0\u00bb][vc_row_inner el_class=\u00a0\u00bbequalHeight\u00a0\u00bb][vc_column_inner width=\u00a0\u00bb1\/3&Prime; css=\u00a0\u00bb.vc_custom_1599143450789{border-right-width: 15px !important;border-left-width: 15px !important;padding-top: 35px !important;padding-right: 35px !important;padding-bottom: 35px !important;padding-left: 35px !important;background-color: #12b9ef !important;border-left-color: #ffffff !important;border-left-style: solid !important;border-right-color: #ffffff !important;border-right-style: solid !important;}\u00a0\u00bb][vc_column_text css=\u00a0\u00bb.vc_custom_1599151973946{margin-bottom: 0px !important;}\u00a0\u00bb]\n<h3 style=\"color: #fff; font-size: 100px; font-weight: 900; line-height: 120px; text-shadow: 3px 3px 0px rgba(0,0,0,0.5); text-align: center; font-family: sans-serif;\">1<\/h3>\n<h4 style=\"color: #fff; text-align: center; font-size: 33px; font-weight: 500; line-height: 45px;\">\u00c9valuer<\/h4>\n<p style=\"text-align: center; color: #fff;\">Les opticiens autoris\u00e9s sont form\u00e9s pour interpr\u00e9ter vos besoins visuels et pour trouver la meilleure solution afin de vous offrir une vision optimale, compte tenu de votre prescription, de la forme de votre visage et de votre style de vie. Nous sommes les seuls professionnels de la sant\u00e9 qui se consacrent uniquement \u00e0 la distribution de solutions optiques ainsi qu\u2019\u00e0 la recherche des nouvelles tendances en mati\u00e8re de technologies et de mode pour mieux vous servir.<\/p>\n[\/vc_column_text][\/vc_column_inner][vc_column_inner width=\u00a0\u00bb1\/3&Prime; css=\u00a0\u00bb.vc_custom_1599143462330{border-right-width: 15px !important;border-left-width: 15px !important;padding-top: 35px !important;padding-right: 35px !important;padding-bottom: 35px !important;padding-left: 35px !important;background-color: #3c83c1 !important;border-left-color: #ffffff !important;border-left-style: solid !important;border-right-color: #ffffff !important;border-right-style: solid !important;}\u00a0\u00bb][vc_column_text css=\u00a0\u00bb.vc_custom_1599152016730{margin-bottom: 0px !important;}\u00a0\u00bb]\n<h3 style=\"color: #fff; font-size: 100px; font-weight: 900; line-height: 120px; text-shadow: 3px 3px 0px rgba(0,0,0,0.5); text-align: center; font-family: sans-serif;\">2<\/h3>\n<h4 style=\"color: #fff; text-align: center; font-size: 33px; font-weight: 500; line-height: 45px;\">Conseiller<\/h4>\n<p style=\"text-align: center; color: #fff;\">Notre mission en tant qu&rsquo;opticiens autoris\u00e9s est de trouver les meilleurs produits optiques pour vous. Qu&rsquo;il s&rsquo;agisse de lunettes, de lentilles de contact, de lunettes de soleil ou d\u2019autres solutions sur mesure, nos pr\u00e9cieux conseils vous aideront \u00e0 prendre la meilleure d\u00e9cision possible concernant votre vision en fonction de vos besoins uniques.<\/p>\n[\/vc_column_text][\/vc_column_inner][vc_column_inner width=\u00a0\u00bb1\/3&Prime; css=\u00a0\u00bb.vc_custom_1599143477790{border-right-width: 15px !important;border-left-width: 15px !important;padding-top: 35px !important;padding-right: 35px !important;padding-bottom: 35px !important;padding-left: 35px !important;background-color: #12b9ef !important;border-left-color: #ffffff !important;border-left-style: solid !important;border-right-color: #ffffff !important;border-right-style: solid !important;}\u00a0\u00bb][vc_column_text css=\u00a0\u00bb.vc_custom_1599152370829{margin-bottom: 0px !important;}\u00a0\u00bb]\n<h3 style=\"color: #fff; font-size: 100px; font-weight: 900; line-height: 120px; text-shadow: 3px 3px 0px rgba(0,0,0,0.5); text-align: center; font-family: sans-serif;\">3<\/h3>\n<h4 style=\"color: #fff; text-align: center; font-size: 33px; font-weight: 500; line-height: 45px;\">Assurer<\/h4>\n<p style=\"text-align: center; color: #fff;\">Les opticiens autoris\u00e9s re\u00e7oivent une formation sp\u00e9cialis\u00e9e pour s&rsquo;assurer qu\u2019ils r\u00e9pondent aux normes les plus strictes pour vos soins de la vue. Ils gardent toujours \u00e0 l&rsquo;esprit vos besoins de vision \u00e0 long terme. Avec leur formation constante et rigoureuse, nous sommes l\u00e0 pour s&rsquo;assurer que tous vos produits optiques sont adapt\u00e9s \u00e0 vos besoins actuels.<\/p>\n[\/vc_column_text][\/vc_column_inner][\/vc_row_inner][vc_empty_space height=\u00a0\u00bb25px\u00a0\u00bb][mk_button dimension=\u00a0\u00bbflat\u00a0\u00bb corner_style=\u00a0\u00bbrounded\u00a0\u00bb size=\u00a0\u00bblarge\u00a0\u00bb url=\u00a0\u00bb\/fr\/trouvez-un-opticien\/\u00a0\u00bb align=\u00a0\u00bbcenter\u00a0\u00bb margin_bottom=\u00a0\u00bb0&Prime; margin_right=\u00a0\u00bb0&Prime; bg_color=\u00a0\u00bb#da1473&Prime; btn_hover_bg=\u00a0\u00bb#ffffff\u00a0\u00bb btn_hover_txt_color=\u00a0\u00bb#da1473&Prime;]Trouvez un opticien[\/mk_button][\/vc_column][\/mk_page_section][vc_row css=\u00a0\u00bb.vc_custom_1586535234335{padding-top: 0px !important;}\u00a0\u00bb][vc_column][vc_raw_html]JTNDc2NyaXB0JTIwdHlwZSUzRCUyMmFwcGxpY2F0aW9uJTJGbGQlMkJqc29uJTIyJTNFJTBBJTdCJTBBJTIyJTQwY29udGV4dCUyMiUzQSUyMCUyMmh0dHAlM0ElMkYlMkZzY2hlbWEub3JnJTJGJTIyJTJDJTBBJTIyJTQwdHlwZSUyMiUzQSUyMCUyMkxvY2FsQnVzaW5lc3MlMjIlMkMlMEElMjJuYW1lJTIyJTNBJTIwJTIyTGljZW5zZWQlMjBPcHRpY2lhbiUyMiUyQyUwQSUyMmN1cnJlbmNpZXNBY2NlcHRlZCUyMiUzQSUyMCUyMkNBRCUyMiUyQyUwQSUyMm9wZW5pbmdIb3VycyUyMiUzQSUyMCUyMk1vLUZyJTIwOCUzQTAwLTE3JTNBMDAlMjIlMkMlMEElMjJhZGRyZXNzJTIyJTNBJTIwJTdCJTBBJTIwJTIwJTIyJTQwdHlwZSUyMiUzQSUyMCUyMlBvc3RhbEFkZHJlc3MlMjIlMkMlMEElMjAlMjAlMjJhZGRyZXNzQ291bnRyeSUyMiUzQSUyMCUyMkNhbmFkYSUyMiUyQyUwQSUyMCUyMCUyMmFkZHJlc3NMb2NhbGl0eSUyMiUzQSUyMCUyMldpbm5pcGVnJTIyJTJDJTBBJTIwJTIwJTIyYWRkcmVzc1JlZ2lvbiUyMiUzQSUyMCUyMk1hbml0b2JhJTIyJTJDJTBBJTIwJTIwJTIycG9zdGFsQ29kZSUyMiUzQSUyMCUyMlIzQyUyMDRKOSUyMiUyQyUwQSUyMCUyMCUyMnN0cmVldEFkZHJlc3MlMjIlM0ElMjAlMjIyNzA5LTgzJTIwR2FycnklMjBTdHJlZXQlMjIlMEElN0QlMkMlMEElMjJhcmVhU2VydmVkJTIyJTNBJTIwJTdCJTBBJTIwJTIwJTIyJTQwdHlwZSUyMiUzQSUyMCUyMkNvdW50cnklMjIlMkMlMEElMjAlMjAlMjJuYW1lJTIyJTNBJTIwJTIyQ2FuYWRhJTIyJTBBJTdEJTJDJTBBJTIyZW1haWwlMjIlM0ElMjAlMjJyZXF1ZXN0cyU0MG9wdGljaWFuc2NvdW5jaWwuY2ElMjIlMkMlMEElMjJ0ZWxlcGhvbmUlMjIlM0ElMjAlMjIxJTIwJTI4ODY2JTI5JTIwOTQ5LTE5NTAlMjIlMkMlMEElMjJmb3VuZGVyJTIyJTNBJTIwJTIyT3B0aWNpYW4lMjBjb3VuY2lsJTIwb2YlMjBDYW5hZGElMjIlMkMlMEElMjJrbm93c0Fib3V0JTIyJTNBJTIwJTIyT3B0aWNpYW5zJTJDJTIwR2xhc3NlcyUyQyUyMEV5ZXdlYXIlMkMlMjBDb250YWN0JTIwTGVuc2VzJTJDJTIwVmlzaW9ucyUyMiUyQyUwQSUyMmtub3dzTGFuZ3VhZ2UlMjIlM0ElMjAlNUIlMjJFTiUyMiU1RCUyQyUwQSUyMmxlZ2FsTmFtZSUyMiUzQSUyMCUyMkxpY2Vuc2VkJTIwT3B0aWNpYW4lMjIlMkMlMEElMjJsb2dvJTIyJTNBJTIwJTIyaHR0cHMlM0ElMkYlMkZsaWNlbnNlZG9wdGljaWFuLmNhJTJGd3AtY29udGVudCUyRnVwbG9hZHMlMkYyMDE4JTJGMTAlMkZsb2dvLWJpZy5wbmclMjIlMkMlMEElMjJzbG9nYW4lMjIlM0ElMjAlMjJPUFRJQ0lBTlMlMjBBUkUlMjBGUk9OVC1MSU5FJTIwSEVBTFRIJTIwUFJPRkVTU0lPTkFMUyUyMFdJVEglMjBJTi1ERVBUSCUyMEtOT1dMRURHRSUyME9OJTIwR0xBU1NFUyUyQyUyMENPTlRBQ1QlMjBMRU5TRVMlMkMlMjBBTkQlMjBTUEVDSUFMJTIwTkVFRFMlMjBERVZJQ0VTJTIyJTJDJTBBJTIybGF0aXR1ZGUlMjIlM0ElMjAlMjI0OS44ODc1NDUlMjIlMkMlMEElMjJsb25naXR1ZGUlMjIlM0ElMjAlMjItOTcuMTM2ODI2JTIyJTJDJTBBJTIyc2FtZUFzJTIyJTNBJTIwJTIyaHR0cHMlM0ElMkYlMkZ3d3cuZmFjZWJvb2suY29tJTJGTGljZW5zZWRPcHRpY2lhblBhZ2UlMkYlMjIlMkMlMEElMjJwdWJsaWNBY2Nlc3MlMjIlM0ElMjB0cnVlJTJDJTBBJTIyYWx0ZXJuYXRlTmFtZSUyMiUzQSUyMCUyMk9wdGljaWFuJTIwQ291bmNpbCUyMG9mJTIwQ2FuYWRhJTIyJTJDJTBBJTIyZGVzY3JpcHRpb24lMjIlM0ElMjAlMjJBJTIwTGljZW5zZWQlMjBPcHRpY2lhbiUyMGlzJTIwYSUyMGhlYWx0aGNhcmUlMjBwcm9mZXNzaW9uYWwlMjBzcGVjaWFsbHklMjB0cmFpbmVkJTIwdG8lMjBzdXBwbHklMkMlMjBwcmVwYXJlJTIwYW5kJTIwZGlzcGVuc2UlMjBvcHRpY2FsJTIwcHJvZHVjdHMlMjB0aHJvdWdoJTIwdGhlJTIwaW50ZXJwcmV0YXRpb24lMjBvZiUyMHByZXNjcmlwdGlvbnMuJTIwRGlzY292ZXIlMjB3aHklMjB5b3UlMjBuZWVkJTIwYSUyMGxpY2Vuc2VkJTIwb3B0aWNpYW4lMjBhbmQlMjBmaW5kJTIweW91cnMlMjB0b2RheSUyMiUyQyUwQSUyMnVybCUyMiUzQSUyMCUyMmh0dHBzJTNBJTJGJTJGbGljZW5zZWRvcHRpY2lhbi5jYSUyRiUyMiUyQyUwQSUyMmltYWdlJTIyJTNBJTIwJTIyaHR0cHMlM0ElMkYlMkZsaWNlbnNlZG9wdGljaWFuLmNhJTJGd3AtY29udGVudCUyRnVwbG9hZHMlMkYyMDE4JTJGMTAlMkZsaWNlbnNlZC1vcHRpY2lhbi1hc3Nlc3Mtc2xpZGVyLTE5MjB4ODAwLmpwZy53ZWJwJTIyJTBBJTdEJTBBJTNDJTJGc2NyaXB0JTNF[\/vc_raw_html][\/vc_column][\/vc_row]\n<\/section>","protected":false},"excerpt":{"rendered":"<p>[vc_row fullwidth=\u00a0\u00bbtrue\u00a0\u00bb][vc_column][mk_revslider id=\u00a0\u00bbaccueil-v2&Prime;][\/vc_column][\/vc_row][mk_page_section full_width=\u00a0\u00bbtrue\u00a0\u00bb padding_top=\u00a0\u00bb0&Prime; padding_bottom=\u00a0\u00bb0&Prime; el_class=\u00a0\u00bbequalHeight\u00a0\u00bb sidebar=\u00a0\u00bbsidebar-1&Prime;][vc_column width=\u00a0\u00bb1\/3&Prime; css=\u00a0\u00bb.vc_custom_1599140655042{padding-top: 50px !important;padding-right: 20px !important;padding-bottom: 50px !important;padding-left: 20px !important;background-color: #00bff3 !important;}\u00a0\u00bb][mk_image src=\u00a0\u00bbhttps:\/\/licensedoptician.ca\/wp-content\/uploads\/2020\/08\/why-choose-licensed-optician.png\u00a0\u00bb image_size=\u00a0\u00bbfull\u00a0\u00bb link=\u00a0\u00bbhttps:\/\/licensedoptician.ca\/fr\/produits-optiques\/\u00a0\u00bb align=\u00a0\u00bbcenter\u00a0\u00bb margin_bottom=\u00a0\u00bb25&Prime;][vc_column_text css=\u00a0\u00bb.vc_custom_1599140862769{margin-bottom: 0px !important;}\u00a0\u00bb] Comment un opticien autoris\u00e9 peut-il vous aider? [\/vc_column_text][vc_empty_space height=\u00a0\u00bb20px\u00a0\u00bb][\/vc_column][vc_column width=\u00a0\u00bb1\/3&Prime; css=\u00a0\u00bb.vc_custom_1524243206613{padding-top: 50px !important;padding-right: 20px !important;padding-bottom: 50px !important;padding-left: 20px !important;background-color: #448ccb !important;}\u00a0\u00bb][mk_image src=\u00a0\u00bbhttps:\/\/licensedoptician.ca\/wp-content\/uploads\/2020\/08\/tips.png\u00a0\u00bb image_width=\u00a0\u00bb240&Prime; image_height=\u00a0\u00bb240&Prime; link=\u00a0\u00bbhttps:\/\/licensedoptician.ca\/fr\/bon-a-savoir\/\u00a0\u00bb align=\u00a0\u00bbcenter\u00a0\u00bb margin_bottom=\u00a0\u00bb25&Prime;][vc_column_text [&hellip;]<\/p>\n","protected":false},"author":1,"featured_media":0,"parent":0,"menu_order":0,"comment_status":"closed","ping_status":"closed","template":"","meta":{"footnotes":""},"class_list":["post-646","page","type-page","status-publish","hentry"],"_links":{"self":[{"href":"https:\/\/licensedoptician.ca\/fr\/wp-json\/wp\/v2\/pages\/646","targetHints":{"allow":["GET"]}}],"collection":[{"href":"https:\/\/licensedoptician.ca\/fr\/wp-json\/wp\/v2\/pages"}],"about":[{"href":"https:\/\/licensedoptician.ca\/fr\/wp-json\/wp\/v2\/types\/page"}],"author":[{"embeddable":true,"href":"https:\/\/licensedoptician.ca\/fr\/wp-json\/wp\/v2\/users\/1"}],"replies":[{"embeddable":true,"href":"https:\/\/licensedoptician.ca\/fr\/wp-json\/wp\/v2\/comments?post=646"}],"version-history":[{"count":0,"href":"https:\/\/licensedoptician.ca\/fr\/wp-json\/wp\/v2\/pages\/646\/revisions"}],"wp:attachment":[{"href":"https:\/\/licensedoptician.ca\/fr\/wp-json\/wp\/v2\/media?parent=646"}],"curies":[{"name":"wp","href":"https:\/\/api.w.org\/{rel}","templated":true}]}}