{"id":628,"date":"2018-10-10T10:24:03","date_gmt":"2018-10-10T14:24:03","guid":{"rendered":"https:\/\/licensedoptician.ca\/partners\/"},"modified":"2020-07-08T09:33:15","modified_gmt":"2020-07-08T13:33:15","slug":"les-partenaires","status":"publish","type":"page","link":"https:\/\/licensedoptician.ca\/fr\/les-partenaires\/","title":{"rendered":"Les partenaires"},"content":{"rendered":"[mk_page_section bg_color=\u00a0\u00bb#ffffff\u00a0\u00bb bg_position=\u00a0\u00bbcenter center\u00a0\u00bb bg_repeat=\u00a0\u00bbno-repeat\u00a0\u00bb bg_stretch=\u00a0\u00bbtrue\u00a0\u00bb min_height=\u00a0\u00bb0&Prime; padding_top=\u00a0\u00bb0&Prime; padding_bottom=\u00a0\u00bb0&Prime; sidebar=\u00a0\u00bbsidebar-1&Prime;][vc_column][vc_empty_space height=\u00a0\u00bb50px\u00a0\u00bb][vc_column_text css=\u00a0\u00bb.vc_custom_1591106251610{margin-bottom: 0px !important;}\u00a0\u00bb]\n<h1>Les partenaires<\/h1>\n<p style=\"text-align: justify;\">L&rsquo;identit\u00e9 professionnelle des opticiens autoris\u00e9s est g\u00e9r\u00e9e par le <a href=\"http:\/\/www.opticianscouncil.ca\/\" target=\"_blank\" rel=\"noopener noreferrer\">Conseil des opticiens du Canada (COC)<\/a> en collaboration avec les organisations membres et les partenaires. Son objectif est d&rsquo;\u00e9duquer le public et de leur assurer que les services sont fournis par un opticien &#8211; un professionnel de la sant\u00e9 d\u00fbment autoris\u00e9, r\u00e9glement\u00e9 et li\u00e9 \u00e0 une norme de pratique.<\/p>\n<p style=\"text-align: justify;\">Le COC est d\u00e9termin\u00e9 \u00e0 faire en sorte que les Canadiens obtiennent les meilleurs soins, services et r\u00e9sultats professionnels possible dans le domaine des soins de la vue en pr\u00e9conisant les mod\u00e8les de soins concert\u00e9s comme meilleure pratique en mati\u00e8re de soins oculaires.<\/p>\n<p style=\"text-align: justify;\">Nos partenaires partagent un int\u00e9r\u00eat commun pour les soins oculaires et la sant\u00e9 visuelle. Le COC exerce un leadership national sur les probl\u00e8mes de sant\u00e9 visuelle au Canada.<\/p>\n<p style=\"text-align: justify;\">Le COC recherche et \u00e9value les nouvelles technologies et s&rsquo;engage \u00e0 communiquer au public les progr\u00e8s importants en mati\u00e8re de soins de la vue. L&rsquo;\u00e9ducation est une partie importante de la communication continue avec le public, et nous consid\u00e9rons <a href=\"https:\/\/futemarketing.com\" target=\"_blank\" rel=\"noopener noreferrer\">Fut\u00e9 Marketing<\/a> comme un partenaire dans nos efforts de sensibilisation du public.<\/p>\n[\/vc_column_text][vc_empty_space height=\u00a0\u00bb50px\u00a0\u00bb][\/vc_column][\/mk_page_section]\n","protected":false},"excerpt":{"rendered":"<p>[mk_page_section bg_color=\u00a0\u00bb#ffffff\u00a0\u00bb bg_position=\u00a0\u00bbcenter center\u00a0\u00bb bg_repeat=\u00a0\u00bbno-repeat\u00a0\u00bb bg_stretch=\u00a0\u00bbtrue\u00a0\u00bb min_height=\u00a0\u00bb0&Prime; padding_top=\u00a0\u00bb0&Prime; padding_bottom=\u00a0\u00bb0&Prime; sidebar=\u00a0\u00bbsidebar-1&Prime;][vc_column][vc_empty_space height=\u00a0\u00bb50px\u00a0\u00bb][vc_column_text css=\u00a0\u00bb.vc_custom_1591106251610{margin-bottom: 0px !important;}\u00a0\u00bb] Les partenaires L&rsquo;identit\u00e9 professionnelle des opticiens autoris\u00e9s est g\u00e9r\u00e9e par le Conseil des opticiens du Canada (COC) en collaboration avec les organisations membres et les partenaires. Son objectif est d&rsquo;\u00e9duquer le public et de leur assurer que les services sont fournis [&hellip;]<\/p>\n","protected":false},"author":1,"featured_media":0,"parent":0,"menu_order":0,"comment_status":"closed","ping_status":"closed","template":"","meta":{"footnotes":""},"class_list":["post-628","page","type-page","status-publish","hentry"],"_links":{"self":[{"href":"https:\/\/licensedoptician.ca\/fr\/wp-json\/wp\/v2\/pages\/628","targetHints":{"allow":["GET"]}}],"collection":[{"href":"https:\/\/licensedoptician.ca\/fr\/wp-json\/wp\/v2\/pages"}],"about":[{"href":"https:\/\/licensedoptician.ca\/fr\/wp-json\/wp\/v2\/types\/page"}],"author":[{"embeddable":true,"href":"https:\/\/licensedoptician.ca\/fr\/wp-json\/wp\/v2\/users\/1"}],"replies":[{"embeddable":true,"href":"https:\/\/licensedoptician.ca\/fr\/wp-json\/wp\/v2\/comments?post=628"}],"version-history":[{"count":0,"href":"https:\/\/licensedoptician.ca\/fr\/wp-json\/wp\/v2\/pages\/628\/revisions"}],"wp:attachment":[{"href":"https:\/\/licensedoptician.ca\/fr\/wp-json\/wp\/v2\/media?parent=628"}],"curies":[{"name":"wp","href":"https:\/\/api.w.org\/{rel}","templated":true}]}}