{"id":616,"date":"2020-06-02T09:22:36","date_gmt":"2020-06-02T13:22:36","guid":{"rendered":"https:\/\/licensedoptician.ca\/contact\/"},"modified":"2024-09-13T11:25:13","modified_gmt":"2024-09-13T15:25:13","slug":"contact","status":"publish","type":"page","link":"https:\/\/licensedoptician.ca\/fr\/contact\/","title":{"rendered":"Contactez-nous!"},"content":{"rendered":"<section class=\"wpb-content-wrapper\">[mk_page_section bg_color=\u00a0\u00bb#ffffff\u00a0\u00bb bg_position=\u00a0\u00bbcenter center\u00a0\u00bb bg_repeat=\u00a0\u00bbno-repeat\u00a0\u00bb bg_stretch=\u00a0\u00bbtrue\u00a0\u00bb min_height=\u00a0\u00bb0&Prime; padding_top=\u00a0\u00bb0&Prime; padding_bottom=\u00a0\u00bb0&Prime; sidebar=\u00a0\u00bbsidebar-1&Prime;][vc_column width=\u00a0\u00bb1\/2&Prime;][vc_empty_space height=\u00a0\u00bb50px\u00a0\u00bb][vc_column_text css=\u00a0\u00bb.vc_custom_1591104586008{margin-bottom: 0px !important;}\u00a0\u00bb]\n<div style=\"text-align: center;\">\n<h2 style=\"font-size: 36px;\">CONTACTEZ-NOUS!<\/h2>\n\n<div class=\"wpcf7 no-js\" id=\"wpcf7-f622-o1\" lang=\"en-US\" dir=\"ltr\" data-wpcf7-id=\"622\">\n<div class=\"screen-reader-response\"><p role=\"status\" aria-live=\"polite\" aria-atomic=\"true\"><\/p> <ul><\/ul><\/div>\n<form action=\"\/fr\/wp-json\/wp\/v2\/pages\/616#wpcf7-f622-o1\" method=\"post\" class=\"wpcf7-form init\" aria-label=\"Contact form\" novalidate=\"novalidate\" data-status=\"init\">\n<fieldset class=\"hidden-fields-container\"><input type=\"hidden\" name=\"_wpcf7\" value=\"622\" \/><input type=\"hidden\" name=\"_wpcf7_version\" value=\"6.1.4\" \/><input type=\"hidden\" name=\"_wpcf7_locale\" value=\"en_US\" \/><input type=\"hidden\" name=\"_wpcf7_unit_tag\" value=\"wpcf7-f622-o1\" \/><input type=\"hidden\" name=\"_wpcf7_container_post\" value=\"0\" \/><input type=\"hidden\" name=\"_wpcf7_posted_data_hash\" value=\"\" \/><input type=\"hidden\" name=\"_wpcf7_recaptcha_response\" value=\"\" \/>\n<\/fieldset>\n<p><label><span class=\"wpcf7-form-control-wrap\" data-name=\"yourname\"><input size=\"40\" maxlength=\"400\" class=\"wpcf7-form-control wpcf7-text wpcf7-validates-as-required\" aria-required=\"true\" aria-invalid=\"false\" placeholder=\"Nom\" value=\"\" type=\"text\" name=\"yourname\" \/><\/span><\/label>\n<\/p>\n<p><label><span class=\"wpcf7-form-control-wrap\" data-name=\"email\"><input size=\"40\" maxlength=\"400\" class=\"wpcf7-form-control wpcf7-email wpcf7-validates-as-required wpcf7-text wpcf7-validates-as-email\" aria-required=\"true\" aria-invalid=\"false\" placeholder=\"Courriel\" value=\"\" type=\"email\" name=\"email\" \/><\/span><\/label>\n<\/p>\n<p><label><span class=\"wpcf7-form-control-wrap\" data-name=\"telephone\"><input size=\"40\" maxlength=\"400\" class=\"wpcf7-form-control wpcf7-tel wpcf7-text wpcf7-validates-as-tel\" aria-invalid=\"false\" placeholder=\"T\u00e9l\u00e9phone\" value=\"\" type=\"tel\" name=\"telephone\" \/><\/span><\/label>\n<\/p>\n<p><label><span class=\"wpcf7-form-control-wrap\" data-name=\"subject\"><input size=\"40\" maxlength=\"400\" class=\"wpcf7-form-control wpcf7-text\" aria-invalid=\"false\" placeholder=\"Sujet\" value=\"\" type=\"text\" name=\"subject\" \/><\/span><\/label>\n<\/p>\n<p><label><span class=\"wpcf7-form-control-wrap\" data-name=\"message\"><textarea cols=\"40\" rows=\"10\" maxlength=\"2000\" class=\"wpcf7-form-control wpcf7-textarea\" aria-invalid=\"false\" placeholder=\"Message\" name=\"message\"><\/textarea><\/span><\/label>\n<\/p>\n<p><label><input class=\"wpcf7-form-control wpcf7-submit has-spinner\" type=\"submit\" value=\"Envoyer\" \/><\/label>\n<\/p><div class=\"wpcf7-response-output\" aria-hidden=\"true\"><\/div>\n<\/form>\n<\/div>\n\n<\/div>\n[\/vc_column_text][vc_empty_space height=\u00a0\u00bb50px\u00a0\u00bb][\/vc_column][vc_column width=\u00a0\u00bb1\/2&Prime;][vc_empty_space height=\u00a0\u00bb50px\u00a0\u00bb][vc_column_text css=\u00a0\u00bb.vc_custom_1726241108847{margin-bottom: 0px !important;}\u00a0\u00bb]\n<h1>Contact<\/h1>\n<h4>Courriel:<\/h4>\n<p><a style=\"text-decoration: none;\" href=\"mailto:requests@opticianscouncil.ca\">requests@opticianscouncil.ca<\/a><\/p>\n<h4>Adresse postale:<\/h4>\n<p style=\"text-align: justify;\">217-1080 Portage Ave.<br \/>\nWinnipeg, MB R3G 3M3<\/p>\n<p>&nbsp;<\/p>\n<h4>T\u00e9l\u00e9phone:<\/h4>\n<p>T\u00e9l\u00e9phone:<a style=\"text-decoration: none;\" href=\"tel:204-949-1950\">(204) 949-1950<\/a><br \/>\nSans frais:<a style=\"text-decoration: none;\" href=\"tel:1-866-949-1950\">1 (866) 949-1950<\/a><br \/>\nT\u00e9l\u00e9copieur: (204) 949-9153[\/vc_column_text][vc_empty_space height=\u00a0\u00bb50px\u00a0\u00bb][\/vc_column][\/mk_page_section][vc_row][vc_column][vc_raw_html]PHNjcmlwdCB0eXBlPSJhcHBsaWNhdGlvbi9sZCtqc29uIj4NCnsNCiJAY29udGV4dCI6ICJodHRwOi8vc2NoZW1hLm9yZy8iLA0KIkB0eXBlIjogIkxvY2FsQnVzaW5lc3MiLA0KIm5hbWUiOiAiTGljZW5zZWQgT3B0aWNpYW4iLA0KImN1cnJlbmNpZXNBY2NlcHRlZCI6ICJDQUQiLA0KIm9wZW5pbmdIb3VycyI6ICJNby1GciA4OjAwLTE3OjAwIiwNCiJhZGRyZXNzIjogew0KICAiQHR5cGUiOiAiUG9zdGFsQWRkcmVzcyIsDQogICJhZGRyZXNzQ291bnRyeSI6ICJDYW5hZGEiLA0KICAiYWRkcmVzc0xvY2FsaXR5IjogIldpbm5pcGVnIiwNCiAgImFkZHJlc3NSZWdpb24iOiAiTWFuaXRvYmEiLA0KICAicG9zdGFsQ29kZSI6ICJSM0MgNEo5IiwNCiAgInN0cmVldEFkZHJlc3MiOiAiMjcwOS04MyBHYXJyeSBTdHJlZXQiDQp9LA0KImFyZWFTZXJ2ZWQiOiB7DQogICJAdHlwZSI6ICJDb3VudHJ5IiwNCiAgIm5hbWUiOiAiQ2FuYWRhIg0KfSwNCiJlbWFpbCI6ICJyZXF1ZXN0c0BvcHRpY2lhbnNjb3VuY2lsLmNhIiwNCiJ0ZWxlcGhvbmUiOiAiMSAoODY2KSA5NDktMTk1MCIsDQoiZm91bmRlciI6ICJPcHRpY2lhbiBjb3VuY2lsIG9mIENhbmFkYSIsDQoia25vd3NBYm91dCI6ICJPcHRpY2lhbnMsIEdsYXNzZXMsIEV5ZXdlYXIsIENvbnRhY3QgTGVuc2VzLCBWaXNpb25zIiwNCiJrbm93c0xhbmd1YWdlIjogWyJFTiJdLA0KImxlZ2FsTmFtZSI6ICJMaWNlbnNlZCBPcHRpY2lhbiIsDQoibG9nbyI6ICJodHRwczovL2xpY2Vuc2Vkb3B0aWNpYW4uY2Evd3AtY29udGVudC91cGxvYWRzLzIwMTgvMTAvbG9nby1iaWcucG5nIiwNCiJzbG9nYW4iOiAiT1BUSUNJQU5TIEFSRSBGUk9OVC1MSU5FIEhFQUxUSCBQUk9GRVNTSU9OQUxTIFdJVEggSU4tREVQVEggS05PV0xFREdFIE9OIEdMQVNTRVMsIENPTlRBQ1QgTEVOU0VTLCBBTkQgU1BFQ0lBTCBORUVEUyBERVZJQ0VTIiwNCiJsYXRpdHVkZSI6ICI0OS44ODc1NDUiLA0KImxvbmdpdHVkZSI6ICItOTcuMTM2ODI2IiwNCiJzYW1lQXMiOiAiaHR0cHM6Ly93d3cuZmFjZWJvb2suY29tL0xpY2Vuc2VkT3B0aWNpYW5QYWdlLyIsDQoicHVibGljQWNjZXNzIjogdHJ1ZSwNCiJhbHRlcm5hdGVOYW1lIjogIk9wdGljaWFuIENvdW5jaWwgb2YgQ2FuYWRhIiwNCiJkZXNjcmlwdGlvbiI6ICJBIExpY2Vuc2VkIE9wdGljaWFuIGlzIGEgaGVhbHRoY2FyZSBwcm9mZXNzaW9uYWwgc3BlY2lhbGx5IHRyYWluZWQgdG8gc3VwcGx5LCBwcmVwYXJlIGFuZCBkaXNwZW5zZSBvcHRpY2FsIHByb2R1Y3RzIHRocm91Z2ggdGhlIGludGVycHJldGF0aW9uIG9mIHByZXNjcmlwdGlvbnMuIERpc2NvdmVyIHdoeSB5b3UgbmVlZCBhIGxpY2Vuc2VkIG9wdGljaWFuIGFuZCBmaW5kIHlvdXJzIHRvZGF5IiwNCiJ1cmwiOiAiaHR0cHM6Ly9saWNlbnNlZG9wdGljaWFuLmNhLyIsDQoiaW1hZ2UiOiAiaHR0cHM6Ly9saWNlbnNlZG9wdGljaWFuLmNhL3dwLWNvbnRlbnQvdXBsb2Fkcy8yMDE4LzEwL2xpY2Vuc2VkLW9wdGljaWFuLWFzc2Vzcy1zbGlkZXItMTkyMHg4MDAuanBnLndlYnAiDQp9DQo8L3NjcmlwdD4=[\/vc_raw_html][\/vc_column][\/vc_row]\n<\/section>","protected":false},"excerpt":{"rendered":"<p>[mk_page_section bg_color=\u00a0\u00bb#ffffff\u00a0\u00bb bg_position=\u00a0\u00bbcenter center\u00a0\u00bb bg_repeat=\u00a0\u00bbno-repeat\u00a0\u00bb bg_stretch=\u00a0\u00bbtrue\u00a0\u00bb min_height=\u00a0\u00bb0&Prime; padding_top=\u00a0\u00bb0&Prime; padding_bottom=\u00a0\u00bb0&Prime; sidebar=\u00a0\u00bbsidebar-1&Prime;][vc_column width=\u00a0\u00bb1\/2&Prime;][vc_empty_space height=\u00a0\u00bb50px\u00a0\u00bb][vc_column_text css=\u00a0\u00bb.vc_custom_1591104586008{margin-bottom: 0px !important;}\u00a0\u00bb] CONTACTEZ-NOUS! [\/vc_column_text][vc_empty_space height=\u00a0\u00bb50px\u00a0\u00bb][\/vc_column][vc_column width=\u00a0\u00bb1\/2&Prime;][vc_empty_space height=\u00a0\u00bb50px\u00a0\u00bb][vc_column_text css=\u00a0\u00bb.vc_custom_1726241108847{margin-bottom: 0px !important;}\u00a0\u00bb] Contact Courriel: requests@opticianscouncil.ca Adresse postale: 217-1080 Portage Ave. Winnipeg, MB R3G 3M3 &nbsp; T\u00e9l\u00e9phone: T\u00e9l\u00e9phone:(204) 949-1950 Sans frais:1 (866) 949-1950 T\u00e9l\u00e9copieur: (204) 949-9153[\/vc_column_text][vc_empty_space height=\u00a0\u00bb50px\u00a0\u00bb][\/vc_column][\/mk_page_section][vc_row][vc_column][vc_raw_html]PHNjcmlwdCB0eXBlPSJhcHBsaWNhdGlvbi9sZCtqc29uIj4NCnsNCiJAY29udGV4dCI6ICJodHRwOi8vc2NoZW1hLm9yZy8iLA0KIkB0eXBlIjogIkxvY2FsQnVzaW5lc3MiLA0KIm5hbWUiOiAiTGljZW5zZWQgT3B0aWNpYW4iLA0KImN1cnJlbmNpZXNBY2NlcHRlZCI6ICJDQUQiLA0KIm9wZW5pbmdIb3VycyI6ICJNby1GciA4OjAwLTE3OjAwIiwNCiJhZGRyZXNzIjogew0KICAiQHR5cGUiOiAiUG9zdGFsQWRkcmVzcyIsDQogICJhZGRyZXNzQ291bnRyeSI6ICJDYW5hZGEiLA0KICAiYWRkcmVzc0xvY2FsaXR5IjogIldpbm5pcGVnIiwNCiAgImFkZHJlc3NSZWdpb24iOiAiTWFuaXRvYmEiLA0KICAicG9zdGFsQ29kZSI6ICJSM0MgNEo5IiwNCiAgInN0cmVldEFkZHJlc3MiOiAiMjcwOS04MyBHYXJyeSBTdHJlZXQiDQp9LA0KImFyZWFTZXJ2ZWQiOiB7DQogICJAdHlwZSI6ICJDb3VudHJ5IiwNCiAgIm5hbWUiOiAiQ2FuYWRhIg0KfSwNCiJlbWFpbCI6ICJyZXF1ZXN0c0BvcHRpY2lhbnNjb3VuY2lsLmNhIiwNCiJ0ZWxlcGhvbmUiOiAiMSAoODY2KSA5NDktMTk1MCIsDQoiZm91bmRlciI6ICJPcHRpY2lhbiBjb3VuY2lsIG9mIENhbmFkYSIsDQoia25vd3NBYm91dCI6ICJPcHRpY2lhbnMsIEdsYXNzZXMsIEV5ZXdlYXIsIENvbnRhY3QgTGVuc2VzLCBWaXNpb25zIiwNCiJrbm93c0xhbmd1YWdlIjogWyJFTiJdLA0KImxlZ2FsTmFtZSI6ICJMaWNlbnNlZCBPcHRpY2lhbiIsDQoibG9nbyI6ICJodHRwczovL2xpY2Vuc2Vkb3B0aWNpYW4uY2Evd3AtY29udGVudC91cGxvYWRzLzIwMTgvMTAvbG9nby1iaWcucG5nIiwNCiJzbG9nYW4iOiAiT1BUSUNJQU5TIEFSRSBGUk9OVC1MSU5FIEhFQUxUSCBQUk9GRVNTSU9OQUxTIFdJVEggSU4tREVQVEggS05PV0xFREdFIE9OIEdMQVNTRVMsIENPTlRBQ1QgTEVOU0VTLCBBTkQgU1BFQ0lBTCBORUVEUyBERVZJQ0VTIiwNCiJsYXRpdHVkZSI6ICI0OS44ODc1NDUiLA0KImxvbmdpdHVkZSI6ICItOTcuMTM2ODI2IiwNCiJzYW1lQXMiOiAiaHR0cHM6Ly93d3cuZmFjZWJvb2suY29tL0xpY2Vuc2VkT3B0aWNpYW5QYWdlLyIsDQoicHVibGljQWNjZXNzIjogdHJ1ZSwNCiJhbHRlcm5hdGVOYW1lIjogIk9wdGljaWFuIENvdW5jaWwgb2YgQ2FuYWRhIiwNCiJkZXNjcmlwdGlvbiI6ICJBIExpY2Vuc2VkIE9wdGljaWFuIGlzIGEgaGVhbHRoY2FyZSBwcm9mZXNzaW9uYWwgc3BlY2lhbGx5IHRyYWluZWQgdG8gc3VwcGx5LCBwcmVwYXJlIGFuZCBkaXNwZW5zZSBvcHRpY2FsIHByb2R1Y3RzIHRocm91Z2ggdGhlIGludGVycHJldGF0aW9uIG9mIHByZXNjcmlwdGlvbnMuIERpc2NvdmVyIHdoeSB5b3UgbmVlZCBhIGxpY2Vuc2VkIG9wdGljaWFuIGFuZCBmaW5kIHlvdXJzIHRvZGF5IiwNCiJ1cmwiOiAiaHR0cHM6Ly9saWNlbnNlZG9wdGljaWFuLmNhLyIsDQoiaW1hZ2UiOiAiaHR0cHM6Ly9saWNlbnNlZG9wdGljaWFuLmNhL3dwLWNvbnRlbnQvdXBsb2Fkcy8yMDE4LzEwL2xpY2Vuc2VkLW9wdGljaWFuLWFzc2Vzcy1zbGlkZXItMTkyMHg4MDAuanBnLndlYnAiDQp9DQo8L3NjcmlwdD4=[\/vc_raw_html][\/vc_column][\/vc_row]<\/p>\n","protected":false},"author":1,"featured_media":0,"parent":0,"menu_order":0,"comment_status":"closed","ping_status":"closed","template":"","meta":{"footnotes":""},"class_list":["post-616","page","type-page","status-publish","hentry"],"_links":{"self":[{"href":"https:\/\/licensedoptician.ca\/fr\/wp-json\/wp\/v2\/pages\/616","targetHints":{"allow":["GET"]}}],"collection":[{"href":"https:\/\/licensedoptician.ca\/fr\/wp-json\/wp\/v2\/pages"}],"about":[{"href":"https:\/\/licensedoptician.ca\/fr\/wp-json\/wp\/v2\/types\/page"}],"author":[{"embeddable":true,"href":"https:\/\/licensedoptician.ca\/fr\/wp-json\/wp\/v2\/users\/1"}],"replies":[{"embeddable":true,"href":"https:\/\/licensedoptician.ca\/fr\/wp-json\/wp\/v2\/comments?post=616"}],"version-history":[{"count":1,"href":"https:\/\/licensedoptician.ca\/fr\/wp-json\/wp\/v2\/pages\/616\/revisions"}],"predecessor-version":[{"id":2181,"href":"https:\/\/licensedoptician.ca\/fr\/wp-json\/wp\/v2\/pages\/616\/revisions\/2181"}],"wp:attachment":[{"href":"https:\/\/licensedoptician.ca\/fr\/wp-json\/wp\/v2\/media?parent=616"}],"curies":[{"name":"wp","href":"https:\/\/api.w.org\/{rel}","templated":true}]}}