{"id":1943,"date":"2021-11-04T11:02:56","date_gmt":"2021-11-04T15:02:56","guid":{"rendered":"https:\/\/licensedoptician.ca\/?page_id=1943"},"modified":"2021-11-10T14:54:11","modified_gmt":"2021-11-10T19:54:11","slug":"lunettes-sportives","status":"publish","type":"page","link":"https:\/\/licensedoptician.ca\/fr\/lunettes-sportives\/","title":{"rendered":"Lunettes sportives"},"content":{"rendered":"<section class=\"wpb-content-wrapper\">[vc_row fullwidth=\u00a0\u00bbtrue\u00a0\u00bb][vc_column][mk_revslider id=\u00a0\u00bbsports-glasses-v3-1&Prime;][\/vc_column][\/vc_row][mk_page_section min_height=\u00a0\u00bb0&Prime; padding_top=\u00a0\u00bb35&Prime; padding_bottom=\u00a0\u00bb35&Prime; sidebar=\u00a0\u00bbsidebar-1&Prime;][vc_column width=\u00a0\u00bb1\/2&Prime;][vc_column_text css=\u00a0\u00bb.vc_custom_1636039393830{margin-bottom: 0px !important;}\u00a0\u00bb]\n<h2>Am\u00e9liorez vos performances<\/h2>\n<p>Faites confiance \u00e0 un opticien autoris\u00e9 pour trouver les lunettes sportives r\u00e9pondant le mieux \u00e0 vos besoins afin d\u2019optimiser vos performances en plus de votre vision. C\u2019est un professionnel de la sant\u00e9 poss\u00e9dant toutes les comp\u00e9tences pour que vous ayez la meilleure vision lors de vos activit\u00e9s sportives.<\/p>\n<p>Les lunettes sportives sont id\u00e9ales pour d\u00e9valer les pentes de ski, rouler en v\u00e9lo ou simplement pour faire une ronde de golf sur votre circuit pr\u00e9f\u00e9r\u00e9. Profitez de toutes les splendeurs du paysage tout en ayant la pr\u00e9cision d\u00e9sir\u00e9e pour votre sport.<br \/>\n[\/vc_column_text][\/vc_column][vc_column width=\u00a0\u00bb1\/2&Prime;][mk_image src=\u00a0\u00bbhttps:\/\/licensedoptician.ca\/wp-content\/uploads\/2021\/11\/sport-glasses-performances.png\u00a0\u00bb image_size=\u00a0\u00bbfull\u00a0\u00bb align=\u00a0\u00bbcenter\u00a0\u00bb margin_bottom=\u00a0\u00bb0&Prime;][\/vc_column][\/mk_page_section][mk_page_section bg_image=\u00a0\u00bbhttps:\/\/licensedoptician.ca\/wp-content\/uploads\/2021\/11\/protect_bg.png\u00a0\u00bb bg_position=\u00a0\u00bbcenter center\u00a0\u00bb bg_repeat=\u00a0\u00bbno-repeat\u00a0\u00bb bg_stretch=\u00a0\u00bbtrue\u00a0\u00bb enable_3d=\u00a0\u00bbtrue\u00a0\u00bb min_height=\u00a0\u00bb0&Prime; padding_top=\u00a0\u00bb0&Prime; padding_bottom=\u00a0\u00bb0&Prime; sidebar=\u00a0\u00bbsidebar-1&Prime;][vc_column width=\u00a0\u00bb1\/4&Prime;][\/vc_column][vc_column width=\u00a0\u00bb1\/2&Prime; css=\u00a0\u00bb.vc_custom_1586817613723{padding-top: 50px !important;padding-right: 20px !important;padding-bottom: 50px !important;padding-left: 20px !important;background-color: rgba(255,255,255,0.8) !important;*background-color: rgb(255,255,255) !important;}\u00a0\u00bb][vc_column_text css=\u00a0\u00bb.vc_custom_1636048100242{margin-bottom: 0px !important;}\u00a0\u00bb]\n<h2>Prot\u00e9gez ad\u00e9quatement vos yeux<\/h2>\n<h3>Choisir les bonnes lunettes sportives<\/h3>\n<p>Il existe une multitude de lunettes sportives pouvant aider \u00e0 prot\u00e9ger vos yeux en plus de mieux voir tout en pratiquant votre sport pr\u00e9f\u00e9r\u00e9. De plus, la pratique de certains sports n\u00e9cessite des lunettes sp\u00e9ciales pour se prot\u00e9ger des traumatismes oculaires dus \u00e0 des impacts de balles ou de rondelles. Il faut aussi pr\u00e9voir se prot\u00e9ger de la poussi\u00e8re soulev\u00e9e par le vent.<\/p>\n<p>L&rsquo;\u00e9volution de la technologie des lentilles est \u00e9tonnante, les mat\u00e9riaux tels que le trivex et le polycarbonate permettent une protection et une vision optimales. Pr\u00e9parez-vous \u00e0 \u00eatre \u00e9tonn\u00e9 par les diverses lunettes sp\u00e9cialis\u00e9es dans les sports, notamment les lunettes de natation, de plong\u00e9e et de ski.<br \/>\n[\/vc_column_text][mk_button dimension=\u00a0\u00bbflat\u00a0\u00bb corner_style=\u00a0\u00bbrounded\u00a0\u00bb size=\u00a0\u00bblarge\u00a0\u00bb url=\u00a0\u00bb\/fr\/trouvez-un-opticien\u00a0\u00bb margin_bottom=\u00a0\u00bb0&Prime; margin_right=\u00a0\u00bb0&Prime; bg_color=\u00a0\u00bb#00bff3&Prime; btn_hover_bg=\u00a0\u00bb#448ccb\u00a0\u00bb]Trouvez un opticien[\/mk_button][\/vc_column][vc_column width=\u00a0\u00bb1\/4&Prime;][\/vc_column][\/mk_page_section][mk_page_section min_height=\u00a0\u00bb0&Prime; padding_top=\u00a0\u00bb35&Prime; padding_bottom=\u00a0\u00bb35&Prime; sidebar=\u00a0\u00bbsidebar-1&Prime;][vc_column width=\u00a0\u00bb1\/2&Prime;][mk_image src=\u00a0\u00bbhttps:\/\/licensedoptician.ca\/wp-content\/uploads\/2021\/11\/tech.jpg\u00a0\u00bb image_size=\u00a0\u00bbfull\u00a0\u00bb align=\u00a0\u00bbcenter\u00a0\u00bb margin_bottom=\u00a0\u00bb0&Prime;][\/vc_column][vc_column width=\u00a0\u00bb1\/2&Prime;][vc_column_text css=\u00a0\u00bb.vc_custom_1636048842684{margin-bottom: 0px !important;}\u00a0\u00bb]\n<h2>La technologie a \u00e9volu\u00e9<\/h2>\n<h3>Obtenez tout ce dont vous avez besoin<\/h3>\n<p>Auparavant, la technologie des lentilles ne permettait pas de produire des lunettes sportives enveloppantes avec une protection solaire et une correction de vision. Mais toutes les avanc\u00e9es technologiques des derni\u00e8res ann\u00e9es permettent maintenant de reproduire les prescriptions qui s\u2019adaptent aux courbes les plus \u00e9lev\u00e9es des lunettes sportives. Sans oublier les protections contre les rayons UV.<\/p>\n<p>Les adeptes de sports n\u2019ont donc plus \u00e0 faire de compromis et, \u00e0 l\u2019aide de leur opticien autoris\u00e9, peuvent profiter de tous les avantages dans leurs lunettes sportives.<br \/>\n[\/vc_column_text][mk_button dimension=\u00a0\u00bbflat\u00a0\u00bb corner_style=\u00a0\u00bbrounded\u00a0\u00bb size=\u00a0\u00bblarge\u00a0\u00bb url=\u00a0\u00bb\/fr\/trouvez-un-opticien\/\u00a0\u00bb margin_bottom=\u00a0\u00bb0&Prime; margin_right=\u00a0\u00bb0&Prime; bg_color=\u00a0\u00bb#00bff3&Prime; btn_hover_bg=\u00a0\u00bb#448ccb\u00a0\u00bb]Trouvez un opticien[\/mk_button][\/vc_column][\/mk_page_section][mk_page_section bg_image=\u00a0\u00bbhttps:\/\/licensedoptician.ca\/wp-content\/uploads\/2021\/11\/groupe-10-1-scaled.jpg\u00a0\u00bb bg_position=\u00a0\u00bbright center\u00a0\u00bb bg_repeat=\u00a0\u00bbno-repeat\u00a0\u00bb bg_stretch=\u00a0\u00bbtrue\u00a0\u00bb enable_3d=\u00a0\u00bbtrue\u00a0\u00bb padding_top=\u00a0\u00bb75&Prime; padding_bottom=\u00a0\u00bb75&Prime; section_id=\u00a0\u00bbstrateCTA\u00a0\u00bb sidebar=\u00a0\u00bbsidebar-1&Prime;][vc_column][vc_column_text css=\u00a0\u00bb.vc_custom_1636049038587{margin-bottom: 0px !important;}\u00a0\u00bb]\n<h2 style=\"font-size: 60px;\">Une exp\u00e9rience sportive<br \/>\nplus S\u00c9CURITAIRE et une<\/h2>\n<h1 style=\"font-size: 60px;\">vision am\u00e9lior\u00e9e<\/h1>\n<h3 style=\"font-size: 36px; text-transform: unset; float: right; text-align: right; width: 100%; max-width: 530px;\">Faites confiance \u00e0 votre opticien autoris\u00e9<br \/>\npour vous recommander la solution<br \/>\nadapt\u00e9e \u00e0 votre situation.<\/h3>\n[\/vc_column_text][vc_empty_space height=\u00a0\u00bb35px\u00a0\u00bb][mk_button dimension=\u00a0\u00bbflat\u00a0\u00bb corner_style=\u00a0\u00bbrounded\u00a0\u00bb size=\u00a0\u00bblarge\u00a0\u00bb url=\u00a0\u00bb\/fr\/trouvez-un-opticien\/\u00a0\u00bb margin_bottom=\u00a0\u00bb0&Prime; margin_right=\u00a0\u00bb0&Prime; bg_color=\u00a0\u00bb#00bff3&Prime; btn_hover_bg=\u00a0\u00bb#448ccb\u00a0\u00bb]Trouvez un opticien[\/mk_button][\/vc_column][\/mk_page_section][mk_page_section min_height=\u00a0\u00bb0&Prime; padding_top=\u00a0\u00bb35&Prime; padding_bottom=\u00a0\u00bb35&Prime; sidebar=\u00a0\u00bbsidebar-1&Prime;][vc_column width=\u00a0\u00bb1\/2&Prime;][vc_column_text css=\u00a0\u00bb.vc_custom_1636038607684{margin-bottom: 0px !important;}\u00a0\u00bb]\n<h2>You\u2019d also like to have a<br \/>\ndifferent style when you<br \/>\nare not doing a sport?<\/h2>\n<p>Do you like the benefits of sports eyewear, but want to look different at work or on a night out? Do you prefer stylish glasses or contact lenses? No problem. Review all your options with your Licensed Optician to find the perfect solution for your situation. Only a Licensed Optician can help you explore your options for optimal vision and comfort, whether it&rsquo;s glasses or contacts.[\/vc_column_text][mk_button dimension=\u00a0\u00bbflat\u00a0\u00bb corner_style=\u00a0\u00bbrounded\u00a0\u00bb size=\u00a0\u00bblarge\u00a0\u00bb url=\u00a0\u00bb\/fr\/trouvez-un-opticien\/\u00a0\u00bb margin_bottom=\u00a0\u00bb0&Prime; margin_right=\u00a0\u00bb0&Prime; bg_color=\u00a0\u00bb#00bff3&Prime; btn_hover_bg=\u00a0\u00bb#448ccb\u00a0\u00bb]Trouvez un opticien[\/mk_button][\/vc_column][vc_column width=\u00a0\u00bb1\/2&Prime;][mk_image src=\u00a0\u00bbhttps:\/\/licensedoptician.ca\/wp-content\/uploads\/2021\/11\/shutterstock_265903349.jpg\u00a0\u00bb image_size=\u00a0\u00bbfull\u00a0\u00bb align=\u00a0\u00bbcenter\u00a0\u00bb margin_bottom=\u00a0\u00bb0&Prime;][\/vc_column][\/mk_page_section]\n<\/section>","protected":false},"excerpt":{"rendered":"<p>[vc_row fullwidth=\u00a0\u00bbtrue\u00a0\u00bb][vc_column][mk_revslider id=\u00a0\u00bbsports-glasses-v3-1&Prime;][\/vc_column][\/vc_row][mk_page_section min_height=\u00a0\u00bb0&Prime; padding_top=\u00a0\u00bb35&Prime; padding_bottom=\u00a0\u00bb35&Prime; sidebar=\u00a0\u00bbsidebar-1&Prime;][vc_column width=\u00a0\u00bb1\/2&Prime;][vc_column_text css=\u00a0\u00bb.vc_custom_1636039393830{margin-bottom: 0px !important;}\u00a0\u00bb] Am\u00e9liorez vos performances Faites confiance \u00e0 un opticien autoris\u00e9 pour trouver les lunettes sportives r\u00e9pondant le mieux \u00e0 vos besoins afin d\u2019optimiser vos performances en plus de votre vision. C\u2019est un professionnel de la sant\u00e9 poss\u00e9dant toutes les comp\u00e9tences pour que vous ayez la [&hellip;]<\/p>\n","protected":false},"author":7,"featured_media":0,"parent":0,"menu_order":0,"comment_status":"closed","ping_status":"closed","template":"","meta":{"footnotes":""},"class_list":["post-1943","page","type-page","status-publish","hentry"],"_links":{"self":[{"href":"https:\/\/licensedoptician.ca\/fr\/wp-json\/wp\/v2\/pages\/1943","targetHints":{"allow":["GET"]}}],"collection":[{"href":"https:\/\/licensedoptician.ca\/fr\/wp-json\/wp\/v2\/pages"}],"about":[{"href":"https:\/\/licensedoptician.ca\/fr\/wp-json\/wp\/v2\/types\/page"}],"author":[{"embeddable":true,"href":"https:\/\/licensedoptician.ca\/fr\/wp-json\/wp\/v2\/users\/7"}],"replies":[{"embeddable":true,"href":"https:\/\/licensedoptician.ca\/fr\/wp-json\/wp\/v2\/comments?post=1943"}],"version-history":[{"count":0,"href":"https:\/\/licensedoptician.ca\/fr\/wp-json\/wp\/v2\/pages\/1943\/revisions"}],"wp:attachment":[{"href":"https:\/\/licensedoptician.ca\/fr\/wp-json\/wp\/v2\/media?parent=1943"}],"curies":[{"name":"wp","href":"https:\/\/api.w.org\/{rel}","templated":true}]}}